{"id":2024,"date":"2022-05-31T12:20:52","date_gmt":"2022-05-31T10:20:52","guid":{"rendered":"https:\/\/campingmunicipalcapleucate-mss.fr\/aktivitaeten\/"},"modified":"2026-03-06T13:45:55","modified_gmt":"2026-03-06T12:45:55","slug":"aktivitaeten","status":"publish","type":"page","link":"https:\/\/campingmunicipalcapleucate-mss.fr\/de\/aktivitaeten\/","title":{"rendered":"Aktivit\u00e4ten"},"content":{"rendered":"\n<div class=\"wp-block-cover is-light ms-100-b\"><span aria-hidden=\"true\" class=\"has-background-dim-40 wp-block-cover__gradient-background has-background-dim\"><\/span><img width=\"1920\" height=\"1080\" class=\"wp-block-cover__image-background wp-image-323\" alt=\"\" src=\"https:\/\/campingmunicipalcapleucate-mss.fr\/wp-content\/uploads\/2022\/01\/Rectangle-1-1.jpg\" data-object-fit=\"cover\" srcset=\"https:\/\/campingmunicipalcapleucate-mss.fr\/wp-content\/uploads\/2022\/01\/Rectangle-1-1.jpg 1920w, https:\/\/campingmunicipalcapleucate-mss.fr\/wp-content\/uploads\/2022\/01\/Rectangle-1-1-300x169.jpg 300w, https:\/\/campingmunicipalcapleucate-mss.fr\/wp-content\/uploads\/2022\/01\/Rectangle-1-1-1024x576.jpg 1024w, https:\/\/campingmunicipalcapleucate-mss.fr\/wp-content\/uploads\/2022\/01\/Rectangle-1-1-768x432.jpg 768w, https:\/\/campingmunicipalcapleucate-mss.fr\/wp-content\/uploads\/2022\/01\/Rectangle-1-1-1536x864.jpg 1536w\" sizes=\"(max-width: 1920px) 100vw, 1920px\" \/><div class=\"wp-block-cover__inner-container\">\n<h1 class=\"has-text-align-center has-blanc-color has-text-color\" id=\"camping-leucate-plage-avec-de-nombreuses-activites-pour-tous\"><strong>Campingplatz Leucate Plage mit vielen Aktivit\u00e4ten f\u00fcr alle<\/strong><\/h1>\n<\/div><\/div>\n\n\n\n<section class=\"wp-container-69ee63293114c wp-block-group ms-90-a has-fond-background-color has-background\"><div class=\"wp-block-group__inner-container\">\n<h2 class=\"has-text-align-center has-secondaire-color has-text-color\" id=\"passez-des-vacances-animees-en-camping-pres-de-port-leucate\">Verbringen Sie einen animierten Urlaub <br>Campingplatz in der N\u00e4he von Port Leucate<\/h2>\n\n\n\n<div class=\"wp-block-columns\">\n<div class=\"wp-block-column\">\n<ul class=\"listing-pictos\"><li><i class=\"fal fa-golf-ball\"><\/i> Minigolf<\/li><li><i class=\"fal fa-baseball-ball\"><\/i> Bouleplatz<\/li><li><i class=\"fal fa-table-tennis\"><\/i> Tischtennis<\/li><\/ul>\n<\/div>\n<\/div>\n<\/div><\/section>\n\n\n\n<div style=\"height:50px\" aria-hidden=\"true\" class=\"wp-block-spacer\"><\/div>\n\n\n\n<div style=\"height:100px\" aria-hidden=\"true\" class=\"wp-block-spacer\"><\/div>\n\n\n\n<h2 class=\"has-text-align-center has-principale-color has-text-color\"><strong>Agenda des activit\u00e9s &amp; animations du camping<\/strong><\/h2>\n\n\n\n<div class=\"wp-container-69ee63293155d wp-block-group boxage has-blanc-background-color has-background\"><div class=\"wp-block-group__inner-container\">\r\n    <div class=\"agenda_intro\">\r\n    <span class=\"agenda_dateselect\"><input type=\"text\" id=\"basicDate\" placeholder=\"Please select Date Time\" data-input><\/span>\r\n    <\/div>\r\n    <div class=\"agenda\">\r\n    <\/div>\r\n    \n<\/div><\/div>\n\n\n\n<div style=\"height:100px\" aria-hidden=\"true\" class=\"wp-block-spacer\"><\/div>\n\n\n\n<section class=\"wp-container-69ee632931cd7 wp-block-group ms-40-a\"><div class=\"wp-block-group__inner-container\">\n<div class=\"wp-block-columns\">\n<div class=\"wp-block-column galerie\" style=\"flex-basis:60%\">\n<div class=\"wp-block-columns\">\n<div class=\"wp-block-column\">\n<figure class=\"wp-block-image size-large\"><img width=\"1024\" height=\"576\" src=\"https:\/\/campingmunicipalcapleucate-mss.fr\/wp-content\/uploads\/2022\/02\/petanque-1-1024x576.jpg\" alt=\"Campingplatz Mer Sable Soleil: P\u00e9tanque 1\" class=\"wp-image-965\" srcset=\"https:\/\/campingmunicipalcapleucate-mss.fr\/wp-content\/uploads\/2022\/02\/petanque-1-1024x576.jpg 1024w, https:\/\/campingmunicipalcapleucate-mss.fr\/wp-content\/uploads\/2022\/02\/petanque-1-300x169.jpg 300w, https:\/\/campingmunicipalcapleucate-mss.fr\/wp-content\/uploads\/2022\/02\/petanque-1-768x432.jpg 768w, https:\/\/campingmunicipalcapleucate-mss.fr\/wp-content\/uploads\/2022\/02\/petanque-1-1536x864.jpg 1536w, https:\/\/campingmunicipalcapleucate-mss.fr\/wp-content\/uploads\/2022\/02\/petanque-1-2048x1152.jpg 2048w\" sizes=\"(max-width: 1024px) 100vw, 1024px\" \/><\/figure>\n\n\n\n<figure class=\"wp-block-image size-large\"><img width=\"1024\" height=\"576\" src=\"https:\/\/campingmunicipalcapleucate-mss.fr\/wp-content\/uploads\/2022\/02\/boules-1024x576.jpg\" alt=\"Campingplatz Mer Sable Soleil: Bowls\" class=\"wp-image-962\" srcset=\"https:\/\/campingmunicipalcapleucate-mss.fr\/wp-content\/uploads\/2022\/02\/boules-1024x576.jpg 1024w, https:\/\/campingmunicipalcapleucate-mss.fr\/wp-content\/uploads\/2022\/02\/boules-300x169.jpg 300w, https:\/\/campingmunicipalcapleucate-mss.fr\/wp-content\/uploads\/2022\/02\/boules-768x432.jpg 768w, https:\/\/campingmunicipalcapleucate-mss.fr\/wp-content\/uploads\/2022\/02\/boules-1536x864.jpg 1536w, https:\/\/campingmunicipalcapleucate-mss.fr\/wp-content\/uploads\/2022\/02\/boules-2048x1152.jpg 2048w\" sizes=\"(max-width: 1024px) 100vw, 1024px\" \/><\/figure>\n\n\n\n<figure class=\"wp-block-image size-large\"><img width=\"1024\" height=\"666\" src=\"https:\/\/campingmunicipalcapleucate-mss.fr\/wp-content\/uploads\/2022\/02\/paddle-1024x666.jpg\" alt=\"Campingplatz Mer Sable Soleil: Paddel\" class=\"wp-image-973\" srcset=\"https:\/\/campingmunicipalcapleucate-mss.fr\/wp-content\/uploads\/2022\/02\/paddle-1024x666.jpg 1024w, https:\/\/campingmunicipalcapleucate-mss.fr\/wp-content\/uploads\/2022\/02\/paddle-300x195.jpg 300w, https:\/\/campingmunicipalcapleucate-mss.fr\/wp-content\/uploads\/2022\/02\/paddle-768x499.jpg 768w, https:\/\/campingmunicipalcapleucate-mss.fr\/wp-content\/uploads\/2022\/02\/paddle-1536x999.jpg 1536w, https:\/\/campingmunicipalcapleucate-mss.fr\/wp-content\/uploads\/2022\/02\/paddle.jpg 1816w\" sizes=\"(max-width: 1024px) 100vw, 1024px\" \/><\/figure>\n\n\n\n<figure class=\"wp-block-image size-large\"><img width=\"690\" height=\"1024\" src=\"https:\/\/campingmunicipalcapleucate-mss.fr\/wp-content\/uploads\/2022\/02\/basak-ar-ZE2KbOGhUBA-unsplash-690x1024.jpg\" alt=\"Camping Mer Sable Soleil: Basak Ar Ze2kboghuba Unsplash\" class=\"wp-image-985\" srcset=\"https:\/\/campingmunicipalcapleucate-mss.fr\/wp-content\/uploads\/2022\/02\/basak-ar-ZE2KbOGhUBA-unsplash-690x1024.jpg 690w, https:\/\/campingmunicipalcapleucate-mss.fr\/wp-content\/uploads\/2022\/02\/basak-ar-ZE2KbOGhUBA-unsplash-202x300.jpg 202w, https:\/\/campingmunicipalcapleucate-mss.fr\/wp-content\/uploads\/2022\/02\/basak-ar-ZE2KbOGhUBA-unsplash-768x1139.jpg 768w, https:\/\/campingmunicipalcapleucate-mss.fr\/wp-content\/uploads\/2022\/02\/basak-ar-ZE2KbOGhUBA-unsplash-1036x1536.jpg 1036w, https:\/\/campingmunicipalcapleucate-mss.fr\/wp-content\/uploads\/2022\/02\/basak-ar-ZE2KbOGhUBA-unsplash-1381x2048.jpg 1381w, https:\/\/campingmunicipalcapleucate-mss.fr\/wp-content\/uploads\/2022\/02\/basak-ar-ZE2KbOGhUBA-unsplash-scaled.jpg 1726w\" sizes=\"(max-width: 690px) 100vw, 690px\" \/><\/figure>\n<\/div>\n\n\n\n<div class=\"wp-block-column is-vertically-aligned-center\">\n<p class=\"has-principale-color has-text-color\"><a href=\"https:\/\/campingmunicipalcapleucate-mss.fr\/de\/fotogallerie\/\" data-type=\"page\" data-id=\"2038\"><i class=\"fal fa-camera-alt\"><\/i> Siehe Fotos und Videos<\/a><\/p>\n\n\n\n<figure class=\"wp-block-image size-large\"><img width=\"1024\" height=\"682\" src=\"https:\/\/campingmunicipalcapleucate-mss.fr\/wp-content\/uploads\/2022\/02\/aile-kite-plage-1024x682.jpg\" alt=\"Campingplatz Mer Sable Soleil: Kite Beach Fl\u00fcgel\" class=\"wp-image-989\" srcset=\"https:\/\/campingmunicipalcapleucate-mss.fr\/wp-content\/uploads\/2022\/02\/aile-kite-plage-1024x682.jpg 1024w, https:\/\/campingmunicipalcapleucate-mss.fr\/wp-content\/uploads\/2022\/02\/aile-kite-plage-300x200.jpg 300w, https:\/\/campingmunicipalcapleucate-mss.fr\/wp-content\/uploads\/2022\/02\/aile-kite-plage-768x512.jpg 768w, https:\/\/campingmunicipalcapleucate-mss.fr\/wp-content\/uploads\/2022\/02\/aile-kite-plage-1536x1024.jpg 1536w, https:\/\/campingmunicipalcapleucate-mss.fr\/wp-content\/uploads\/2022\/02\/aile-kite-plage.jpg 1772w\" sizes=\"(max-width: 1024px) 100vw, 1024px\" \/><\/figure>\n\n\n\n<figure class=\"wp-block-image size-large\"><img width=\"1024\" height=\"682\" src=\"https:\/\/campingmunicipalcapleucate-mss.fr\/wp-content\/uploads\/2022\/02\/mini-golf1-1024x682.jpg\" alt=\"Campingplatz Mer Sable Soleil: Minigolf1\" class=\"wp-image-959\" srcset=\"https:\/\/campingmunicipalcapleucate-mss.fr\/wp-content\/uploads\/2022\/02\/mini-golf1-1024x682.jpg 1024w, https:\/\/campingmunicipalcapleucate-mss.fr\/wp-content\/uploads\/2022\/02\/mini-golf1-300x200.jpg 300w, https:\/\/campingmunicipalcapleucate-mss.fr\/wp-content\/uploads\/2022\/02\/mini-golf1-768x512.jpg 768w, https:\/\/campingmunicipalcapleucate-mss.fr\/wp-content\/uploads\/2022\/02\/mini-golf1-1536x1024.jpg 1536w, https:\/\/campingmunicipalcapleucate-mss.fr\/wp-content\/uploads\/2022\/02\/mini-golf1.jpg 1772w\" sizes=\"(max-width: 1024px) 100vw, 1024px\" \/><\/figure>\n\n\n\n<figure class=\"wp-block-image size-large\"><img width=\"1024\" height=\"682\" src=\"https:\/\/campingmunicipalcapleucate-mss.fr\/wp-content\/uploads\/2022\/02\/salle-de-jeux-1024x682.jpg\" alt=\"Campingplatz Mer Sable Soleil: Spielzimmer\" class=\"wp-image-953\" srcset=\"https:\/\/campingmunicipalcapleucate-mss.fr\/wp-content\/uploads\/2022\/02\/salle-de-jeux-1024x682.jpg 1024w, https:\/\/campingmunicipalcapleucate-mss.fr\/wp-content\/uploads\/2022\/02\/salle-de-jeux-300x200.jpg 300w, https:\/\/campingmunicipalcapleucate-mss.fr\/wp-content\/uploads\/2022\/02\/salle-de-jeux-768x512.jpg 768w, https:\/\/campingmunicipalcapleucate-mss.fr\/wp-content\/uploads\/2022\/02\/salle-de-jeux-1536x1024.jpg 1536w, https:\/\/campingmunicipalcapleucate-mss.fr\/wp-content\/uploads\/2022\/02\/salle-de-jeux.jpg 1772w\" sizes=\"(max-width: 1024px) 100vw, 1024px\" \/><\/figure>\n<\/div>\n\n\n\n<div class=\"wp-block-column is-vertically-aligned-center\">\n<figure class=\"wp-block-image size-large\"><img width=\"1024\" height=\"683\" src=\"https:\/\/campingmunicipalcapleucate-mss.fr\/wp-content\/uploads\/2024\/10\/AdobeStock_615066678-1-1024x683.jpeg\" alt=\"\" class=\"wp-image-4713\" srcset=\"https:\/\/campingmunicipalcapleucate-mss.fr\/wp-content\/uploads\/2024\/10\/AdobeStock_615066678-1-1024x683.jpeg 1024w, https:\/\/campingmunicipalcapleucate-mss.fr\/wp-content\/uploads\/2024\/10\/AdobeStock_615066678-1-300x200.jpeg 300w, https:\/\/campingmunicipalcapleucate-mss.fr\/wp-content\/uploads\/2024\/10\/AdobeStock_615066678-1-768x512.jpeg 768w, https:\/\/campingmunicipalcapleucate-mss.fr\/wp-content\/uploads\/2024\/10\/AdobeStock_615066678-1-1536x1024.jpeg 1536w, https:\/\/campingmunicipalcapleucate-mss.fr\/wp-content\/uploads\/2024\/10\/AdobeStock_615066678-1-2048x1365.jpeg 2048w\" sizes=\"(max-width: 1024px) 100vw, 1024px\" \/><\/figure>\n\n\n\n<figure class=\"wp-block-image size-full\"><img width=\"778\" height=\"518\" src=\"https:\/\/campingmunicipalcapleucate-mss.fr\/wp-content\/uploads\/2022\/05\/planche-a-voile.jpg\" alt=\"\" class=\"wp-image-1874\" srcset=\"https:\/\/campingmunicipalcapleucate-mss.fr\/wp-content\/uploads\/2022\/05\/planche-a-voile.jpg 778w, https:\/\/campingmunicipalcapleucate-mss.fr\/wp-content\/uploads\/2022\/05\/planche-a-voile-300x200.jpg 300w, https:\/\/campingmunicipalcapleucate-mss.fr\/wp-content\/uploads\/2022\/05\/planche-a-voile-768x511.jpg 768w\" sizes=\"(max-width: 778px) 100vw, 778px\" \/><\/figure>\n\n\n\n<p class=\"has-principale-color has-text-color\"><a href=\"https:\/\/campingmunicipalcapleucate-mss.fr\/de\/dienstleistungen\/\" data-type=\"page\" data-id=\"2081\"><i class=\"fal fa-dumbbell\"><\/i> Sportspots<\/a><\/p>\n<\/div>\n<\/div>\n<\/div>\n\n\n\n<div class=\"wp-block-column\" style=\"flex-basis:40%\">\n<p class=\"titre has-principale-color has-text-color\">Aber auch :<\/p>\n\n\n\n<ul><li><strong>Petanque-Wettbewerb<\/strong> mit Boule-Verleih f\u00fcr diejenigen, die keine haben! Jeder geht mit einem Geschenk!<\/li><li><strong>2 Tischtennisplatten,<\/strong> eine au\u00dfen und die andere innen. Planen Sie Ihre Schneeschuhe! (Ausleihe an der Rezeption m\u00f6glich)<\/li><li><strong>Minigolf<\/strong><\/li><\/ul>\n\n\n\n<h2 class=\"has-principale-color has-text-color\" id=\"les-activites-aux-alentours-du-camping-a-port-leucate\">Aktivit\u00e4ten rund um den Campingplatz in Port Leucate<\/h2>\n\n\n\n<p>Entdecken Sie die <strong>Neuigkeiten des Campingplatzes<\/strong> ! Frisch, weil regelm\u00e4\u00dfig aktualisiert, pr\u00e4sentieren <a href=\"https:\/\/campingmunicipalcapleucate-mss.fr\/de\/aktionen-und-neuigkeiten\/\" data-type=\"page\" data-id=\"2068\">unsere News<\/a> die vielen Veranstaltungen in der Region.<\/p>\n\n\n\n<ul><li><a href=\"https:\/\/campingmunicipalcapleucate-mss.fr\/de\/leucate-wind-welt\/\" data-type=\"page\" data-id=\"2058\"><strong>Mondial du Vent<\/strong> : Auch<\/a> <em>dieses Jahr empf\u00e4ngt Leucate La Franqui w\u00e4hrend der Osterferien <strong>die Cr\u00e8me de la Cr\u00e8me des Kitesurfens und Windsurfens<\/strong> !<\/em><\/li><li><a href=\"https:\/\/campingmunicipalcapleucate-mss.fr\/de\/sol-y-fiesta\/\" data-type=\"page\" data-id=\"2083\"><strong>Sol Y Fiesta<\/strong> :<\/a> <em>Jedes Jahr<\/em> verwandelt sich Leucate Village <strong><em>am Wochenende von Christi Himmelfahrt<\/em><\/strong> <em>in ein Open-Air-Theater und erwacht f\u00fcr 2 Festtage zum Leben<\/em><\/li><li><a href=\"https:\/\/campingmunicipalcapleucate-mss.fr\/de\/stimmen-der-sterne\/\" data-type=\"page\" data-id=\"2132\"><strong>Voix d&#8217;\u00e9toiles<\/strong> :<\/a> <em>W\u00e4hrend der Feiertage Allerheiligen ehrt das Festival Voix d&#8217;\u00c9toiles die Stimmen und das Sounddesign des Animationskinos.<\/em><\/li><\/ul>\n\n\n\n<div class=\"wp-container-69ee632931a29 wp-block-buttons\">\n<div class=\"wp-block-button\"><a class=\"wp-block-button__link has-blanc-color has-secondaire-background-color has-text-color has-background\" href=\"https:\/\/campingmunicipalcapleucate-mss.fr\/wp-content\/uploads\/2022\/01\/SERVICES-2020.pdf\" target=\"_blank\" rel=\"noreferrer noopener\"><i class=\"fal fa-file-pdf\"><\/i> Sehen Sie sich die Preise der Dienstleistungen an<\/a><\/div>\n<\/div>\n<\/div>\n<\/div>\n<\/div><\/section>\n\n\n\n<div class=\"wp-container-69ee632931fc4 wp-block-group ms-60-a\"><div class=\"wp-block-group__inner-container\">\n<div class=\"wp-block-cover\"><span aria-hidden=\"true\" class=\"has-blanc-background-color wp-block-cover__gradient-background has-background-dim\"><\/span><img width=\"2560\" height=\"1440\" class=\"wp-block-cover__image-background wp-image-1023\" alt=\"Camping Mer Sable Soleil : Plage Bateaux\" src=\"https:\/\/campingmunicipalcapleucate-mss.fr\/wp-content\/uploads\/2022\/02\/plage-bateaux-scaled.jpg\" style=\"object-position:51% 64%\" data-object-fit=\"cover\" data-object-position=\"51% 64%\" srcset=\"https:\/\/campingmunicipalcapleucate-mss.fr\/wp-content\/uploads\/2022\/02\/plage-bateaux-scaled.jpg 2560w, https:\/\/campingmunicipalcapleucate-mss.fr\/wp-content\/uploads\/2022\/02\/plage-bateaux-300x169.jpg 300w, https:\/\/campingmunicipalcapleucate-mss.fr\/wp-content\/uploads\/2022\/02\/plage-bateaux-1024x576.jpg 1024w, https:\/\/campingmunicipalcapleucate-mss.fr\/wp-content\/uploads\/2022\/02\/plage-bateaux-768x432.jpg 768w, https:\/\/campingmunicipalcapleucate-mss.fr\/wp-content\/uploads\/2022\/02\/plage-bateaux-1536x864.jpg 1536w, https:\/\/campingmunicipalcapleucate-mss.fr\/wp-content\/uploads\/2022\/02\/plage-bateaux-2048x1152.jpg 2048w\" sizes=\"(max-width: 2560px) 100vw, 2560px\" \/><div class=\"wp-block-cover__inner-container\">\n<p class=\"has-text-align-center\"><i class=\"fal fa-water\"><\/i><\/p>\n<\/div><\/div>\n<\/div><\/div>\n\n\n\n<section class=\"wp-container-69ee632932770 wp-block-group ms-50-a\"><div class=\"wp-block-group__inner-container\">\n<div class=\"wp-block-columns\">\n<div class=\"wp-block-column\">\n<h3 class=\"titre\" id=\"a-proximite-du-camping-port-leucate-d-autres-activites-sportives-proposees\">In der N\u00e4he des Campingplatzes Port Leucate werden weitere sportliche Aktivit\u00e4ten angeboten<\/h3>\n\n\n\n<p><a href=\"https:\/\/campingmunicipalcapleucate-mss.fr\/de\/scheinwerfer\/\" data-type=\"page\" data-id=\"2128\">Finden Sie alle nautischen Aktivit\u00e4ten, die Sie in Leucate aus\u00fcben k\u00f6nnen<\/a> .<br>Sie k\u00f6nnen Schwimmen \u00fcben (\u00fcberdachtes und beheiztes st\u00e4dtisches Schwimmbad), <strong>Wasserski<\/strong> , Tauchen,<strong>Reiten<\/strong> (Ranch auf 500m), <strong>Sandyacht<\/strong> , <strong>Geschwindigkeitssegel<\/strong> , du <strong>Buggy-Drachen<\/strong> (15 km lange Strecke, die einzige im Mittelmeerraum), <strong>Mountainbiken<\/strong> (Strecken sind an der Rezeption erh\u00e4ltlich), <strong>Kitesurfen<\/strong> (viele Schulen in der N\u00e4he), <strong>Windsurfen und Funboarden mit dem CVCL und den Wesh Center Crew<\/strong> Schools of Windsurfing, die Folgendes anbieten: Training, Unterricht, Verleih, Tests&#8230; Einf\u00fchrung und Verbesserung der Ausr\u00fcstung des Jahres!<\/p>\n\n\n\n<p><strong>Ausfl\u00fcge und Entdeckungen rund um den Campingplatz Leucate<\/strong> :<\/p>\n\n\n\n<div class=\"wp-container-69ee6329322c1 wp-block-buttons\">\n<div class=\"wp-block-button\"><a class=\"wp-block-button__link has-principale-background-color has-background\" href=\"https:\/\/campingmunicipalcapleucate-mss.fr\/de\/die-umgebung\/\">Entdecken Sie die Umgebung<\/a><\/div>\n<\/div>\n\n\n\n<div style=\"height:29px\" aria-hidden=\"true\" class=\"wp-block-spacer\"><\/div>\n\n\n\n<h3 class=\"titre\" id=\"et-pour-les-plus-petits\"><strong>Und f\u00fcr die Kleinen:<\/strong><\/h3>\n\n\n\n<ul><li>In Leucate: Abenteuer Leucate, die Freizeitinsel, der kleine Zug, die Windworkshops, der Kinderpark, der Vergn\u00fcgungspark, der Dolphins Beach Club<\/li><li>In der N\u00e4he: Das afrikanische Reservat von Sigean, die Entdeckungsfarm von St. Andr\u00e9, der Wendekreis der Schmetterlinge, das Tal der Schildkr\u00f6ten, das Labyrinth der 1000 Blumen, die Adler von Valmy&#8230;<\/li><\/ul>\n\n\n\n<p><strong>Auf dem Campingplatz Mer Sable Soleil bieten wir Aktivit\u00e4ten und Urlaubsideen f\u00fcr jeden Geschmack!!!<\/strong><\/p>\n<\/div>\n\n\n\n<div class=\"wp-block-column\">\n<figure class=\"wp-block-gallery has-nested-images columns-2 is-cropped\">\n<figure class=\"wp-block-image size-large\"><img width=\"1024\" height=\"662\" src=\"https:\/\/campingmunicipalcapleucate-mss.fr\/wp-content\/uploads\/2022\/02\/lafranqui-1024x662.jpg\" alt=\"Camping Mer Sable Soleil: Pentax-Digitalkamera\" class=\"wp-image-1007\" srcset=\"https:\/\/campingmunicipalcapleucate-mss.fr\/wp-content\/uploads\/2022\/02\/lafranqui-1024x662.jpg 1024w, https:\/\/campingmunicipalcapleucate-mss.fr\/wp-content\/uploads\/2022\/02\/lafranqui-300x194.jpg 300w, https:\/\/campingmunicipalcapleucate-mss.fr\/wp-content\/uploads\/2022\/02\/lafranqui-768x496.jpg 768w, https:\/\/campingmunicipalcapleucate-mss.fr\/wp-content\/uploads\/2022\/02\/lafranqui-1536x993.jpg 1536w, https:\/\/campingmunicipalcapleucate-mss.fr\/wp-content\/uploads\/2022\/02\/lafranqui.jpg 1827w\" sizes=\"(max-width: 1024px) 100vw, 1024px\" \/><\/figure>\n\n\n\n<figure class=\"wp-block-image size-large\"><img width=\"1024\" height=\"698\" src=\"https:\/\/campingmunicipalcapleucate-mss.fr\/wp-content\/uploads\/2022\/02\/le-goule\u0301-1024x698.jpg\" alt=\"Campingplatz Mer Sable Soleil: Le Goul\u00e9\" class=\"wp-image-1002\" srcset=\"https:\/\/campingmunicipalcapleucate-mss.fr\/wp-content\/uploads\/2022\/02\/le-goule\u0301-1024x698.jpg 1024w, https:\/\/campingmunicipalcapleucate-mss.fr\/wp-content\/uploads\/2022\/02\/le-goule\u0301-300x204.jpg 300w, https:\/\/campingmunicipalcapleucate-mss.fr\/wp-content\/uploads\/2022\/02\/le-goule\u0301-768x523.jpg 768w, https:\/\/campingmunicipalcapleucate-mss.fr\/wp-content\/uploads\/2022\/02\/le-goule\u0301-1536x1047.jpg 1536w, https:\/\/campingmunicipalcapleucate-mss.fr\/wp-content\/uploads\/2022\/02\/le-goule\u0301.jpg 1733w\" sizes=\"(max-width: 1024px) 100vw, 1024px\" \/><\/figure>\n\n\n\n<figure class=\"wp-block-image size-large\"><img width=\"1772\" height=\"991\" src=\"https:\/\/campingmunicipalcapleucate-mss.fr\/wp-content\/uploads\/2022\/02\/paddle-2-edited-1.jpg\" alt=\"Campingplatz Mer Sable Soleil: Paddel 2\" class=\"wp-image-1016\" srcset=\"https:\/\/campingmunicipalcapleucate-mss.fr\/wp-content\/uploads\/2022\/02\/paddle-2-edited-1.jpg 1772w, https:\/\/campingmunicipalcapleucate-mss.fr\/wp-content\/uploads\/2022\/02\/paddle-2-edited-1-300x168.jpg 300w, https:\/\/campingmunicipalcapleucate-mss.fr\/wp-content\/uploads\/2022\/02\/paddle-2-edited-1-1024x573.jpg 1024w, https:\/\/campingmunicipalcapleucate-mss.fr\/wp-content\/uploads\/2022\/02\/paddle-2-edited-1-768x430.jpg 768w, https:\/\/campingmunicipalcapleucate-mss.fr\/wp-content\/uploads\/2022\/02\/paddle-2-edited-1-1536x859.jpg 1536w\" sizes=\"(max-width: 1772px) 100vw, 1772px\" \/><figcaption><a href=\"https:\/\/campingmunicipalcapleucate-mss.fr\/de\/fotogallerie\/\" data-type=\"page\" data-id=\"2038\"><i class=\"fal fa-camera-alt\"><\/i> Siehe Fotos und Videos<\/a><\/figcaption><\/figure>\n<\/figure>\n<\/div>\n<\/div>\n<\/div><\/section>\n","protected":false},"excerpt":{"rendered":"<p>Verbringen Sie einen animierten Urlaub Campingplatz in der N\u00e4he von Port Leucate Minigolf Bouleplatz Tischtennis Agenda des activit\u00e9s &amp; animations du camping Siehe Fotos und Videos Sportspots Aber auch : Petanque-Wettbewerb mit Boule-Verleih f\u00fcr diejenigen, die keine haben! Jeder geht mit einem Geschenk! 2 Tischtennisplatten, eine au\u00dfen und die andere innen. Planen Sie Ihre Schneeschuhe! [&hellip;]<\/p>\n","protected":false},"author":1,"featured_media":0,"parent":0,"menu_order":0,"comment_status":"closed","ping_status":"closed","template":"","meta":[],"acf":[],"_links":{"self":[{"href":"https:\/\/campingmunicipalcapleucate-mss.fr\/de\/wp-json\/wp\/v2\/pages\/2024"}],"collection":[{"href":"https:\/\/campingmunicipalcapleucate-mss.fr\/de\/wp-json\/wp\/v2\/pages"}],"about":[{"href":"https:\/\/campingmunicipalcapleucate-mss.fr\/de\/wp-json\/wp\/v2\/types\/page"}],"author":[{"embeddable":true,"href":"https:\/\/campingmunicipalcapleucate-mss.fr\/de\/wp-json\/wp\/v2\/users\/1"}],"replies":[{"embeddable":true,"href":"https:\/\/campingmunicipalcapleucate-mss.fr\/de\/wp-json\/wp\/v2\/comments?post=2024"}],"version-history":[{"count":6,"href":"https:\/\/campingmunicipalcapleucate-mss.fr\/de\/wp-json\/wp\/v2\/pages\/2024\/revisions"}],"predecessor-version":[{"id":5102,"href":"https:\/\/campingmunicipalcapleucate-mss.fr\/de\/wp-json\/wp\/v2\/pages\/2024\/revisions\/5102"}],"wp:attachment":[{"href":"https:\/\/campingmunicipalcapleucate-mss.fr\/de\/wp-json\/wp\/v2\/media?parent=2024"}],"curies":[{"name":"wp","href":"https:\/\/api.w.org\/{rel}","templated":true}]}}