{"id":2042,"date":"2022-05-31T12:23:55","date_gmt":"2022-05-31T10:23:55","guid":{"rendered":"https:\/\/campingmunicipalcapleucate-mss.fr\/unterkunft\/"},"modified":"2024-02-16T14:43:00","modified_gmt":"2024-02-16T13:43:00","slug":"unterkunft","status":"publish","type":"page","link":"https:\/\/campingmunicipalcapleucate-mss.fr\/de\/unterkunft\/","title":{"rendered":"Unterkunft"},"content":{"rendered":"\n<div class=\"wp-block-cover is-light ms-100-b\"><span aria-hidden=\"true\" class=\"has-background-dim-40 wp-block-cover__gradient-background has-background-dim\"><\/span><img width=\"1920\" height=\"1080\" class=\"wp-block-cover__image-background wp-image-323\" alt=\"plage leucate france\" src=\"https:\/\/campingmunicipalcapleucate-mss.fr\/wp-content\/uploads\/2022\/01\/Rectangle-1-1.jpg\" data-object-fit=\"cover\" srcset=\"https:\/\/campingmunicipalcapleucate-mss.fr\/wp-content\/uploads\/2022\/01\/Rectangle-1-1.jpg 1920w, https:\/\/campingmunicipalcapleucate-mss.fr\/wp-content\/uploads\/2022\/01\/Rectangle-1-1-300x169.jpg 300w, https:\/\/campingmunicipalcapleucate-mss.fr\/wp-content\/uploads\/2022\/01\/Rectangle-1-1-1024x576.jpg 1024w, https:\/\/campingmunicipalcapleucate-mss.fr\/wp-content\/uploads\/2022\/01\/Rectangle-1-1-768x432.jpg 768w, https:\/\/campingmunicipalcapleucate-mss.fr\/wp-content\/uploads\/2022\/01\/Rectangle-1-1-1536x864.jpg 1536w\" sizes=\"(max-width: 1920px) 100vw, 1920px\" \/><div class=\"wp-block-cover__inner-container\">\n<h1 class=\"has-text-align-center\" id=\"location-mobil-home-port-leucate\"><strong>Mobilheimvermietung<\/strong> <strong>Port Leucate<\/strong><\/h1>\n<\/div><\/div>\n\n\n\n<section class=\"wp-container-69ee632acd568 wp-block-group ms-70-a has-fond-background-color has-background\"><div class=\"wp-block-group__inner-container\">\n<div class=\"wp-block-columns\">\n<div class=\"wp-block-column is-vertically-aligned-top\">\n<h2 id=\"louer-un-mobil-home-a-leucate-tout-confort-a-50-m-de-la-plage\">Mieten Sie ein komfortables Mobilheim in Leucate, 50 m vom Strand entfernt<\/h2>\n\n\n\n<p>Unser Campingplatz verf\u00fcgt \u00fcber <strong>48 Mobilheime<\/strong>, die auf der <strong>11.824 m\u00b2<\/strong> gro\u00dfen Fl\u00e4che aufgestellt wurden.<\/p>\n\n\n\n<h3 class=\"has-principale-color has-text-color\" id=\"votre-location-mobil-home-languedoc-roussillon-au-pied-des-meilleurs-spots-de-glisse-de-l-aude\">Ihre Mobilheimvermietung im Languedoc Roussillon am Fu\u00dfe der besten Skigebiete der Aude<\/h3>\n\n\n\n<p>Das Mobilheim ist die ideale Unterkunft f\u00fcr diejenigen, die <strong>maximalen Komfort<\/strong> w\u00fcnschen und gleichzeitig die vielen Vorteile nutzen m\u00f6chten, die unser Campingplatz bietet. Insbesondere sind Sie <strong>50 m von den Str\u00e4nden von Leucate und seinem Teich entfernt<\/strong> , der f\u00fcr seine <a href=\"https:\/\/campingmunicipalcapleucate-mss.fr\/de\/scheinwerfer\/\" data-type=\"page\" data-id=\"2128\">vielen Segelflugpl\u00e4tze<\/a> ber\u00fchmt ist.<\/p>\n\n\n\n<div class=\"wp-container-69ee632acd200 wp-block-buttons\">\n<div class=\"wp-block-button btn_resa\"><a class=\"wp-block-button__link has-secondaire-background-color has-background\"><i class=\"fal fa-calendar-check\"><\/i> Buchen Sie Ihren Aufenthalt<\/a><\/div>\n<\/div>\n<\/div>\n\n\n\n<div class=\"wp-block-column is-vertically-aligned-center\">\n<figure class=\"wp-block-gallery has-nested-images columns-3 is-cropped\">\n<figure class=\"wp-block-image size-large\"><img width=\"1024\" height=\"768\" src=\"https:\/\/campingmunicipalcapleucate-mss.fr\/wp-content\/uploads\/2022\/02\/3mh31-1024x768.jpg\" alt=\"Sea Sand Sun Campingplatz: mobilheim\" class=\"wp-image-884\" srcset=\"https:\/\/campingmunicipalcapleucate-mss.fr\/wp-content\/uploads\/2022\/02\/3mh31-1024x768.jpg 1024w, https:\/\/campingmunicipalcapleucate-mss.fr\/wp-content\/uploads\/2022\/02\/3mh31-300x225.jpg 300w, https:\/\/campingmunicipalcapleucate-mss.fr\/wp-content\/uploads\/2022\/02\/3mh31-768x576.jpg 768w, https:\/\/campingmunicipalcapleucate-mss.fr\/wp-content\/uploads\/2022\/02\/3mh31-1536x1152.jpg 1536w, https:\/\/campingmunicipalcapleucate-mss.fr\/wp-content\/uploads\/2022\/02\/3mh31-2048x1536.jpg 2048w\" sizes=\"(max-width: 1024px) 100vw, 1024px\" \/><\/figure>\n\n\n\n<figure class=\"wp-block-image size-full\"><img width=\"919\" height=\"801\" src=\"https:\/\/campingmunicipalcapleucate-mss.fr\/wp-content\/uploads\/2022\/02\/2m-h27.jpg\" alt=\"Camping Meersand Sonne: mobilheimen\" class=\"wp-image-890\" srcset=\"https:\/\/campingmunicipalcapleucate-mss.fr\/wp-content\/uploads\/2022\/02\/2m-h27.jpg 919w, https:\/\/campingmunicipalcapleucate-mss.fr\/wp-content\/uploads\/2022\/02\/2m-h27-300x261.jpg 300w, https:\/\/campingmunicipalcapleucate-mss.fr\/wp-content\/uploads\/2022\/02\/2m-h27-768x669.jpg 768w\" sizes=\"(max-width: 919px) 100vw, 919px\" \/><\/figure>\n\n\n\n<figure class=\"wp-block-image size-large\"><img width=\"1024\" height=\"792\" src=\"https:\/\/campingmunicipalcapleucate-mss.fr\/wp-content\/uploads\/2022\/02\/4mh34-1024x792.jpg\" alt=\"Sea Sand Sun Campingplatz: mobilheim mit boot\" class=\"wp-image-887\" srcset=\"https:\/\/campingmunicipalcapleucate-mss.fr\/wp-content\/uploads\/2022\/02\/4mh34-1024x792.jpg 1024w, https:\/\/campingmunicipalcapleucate-mss.fr\/wp-content\/uploads\/2022\/02\/4mh34-300x232.jpg 300w, https:\/\/campingmunicipalcapleucate-mss.fr\/wp-content\/uploads\/2022\/02\/4mh34-768x594.jpg 768w, https:\/\/campingmunicipalcapleucate-mss.fr\/wp-content\/uploads\/2022\/02\/4mh34-1536x1188.jpg 1536w, https:\/\/campingmunicipalcapleucate-mss.fr\/wp-content\/uploads\/2022\/02\/4mh34.jpg 1792w\" sizes=\"(max-width: 1024px) 100vw, 1024px\" \/><\/figure>\n<\/figure>\n<\/div>\n<\/div>\n<\/div><\/section>\n\n\n\n<section class=\"wp-container-69ee632acde97 wp-block-group ms-40-a\"><div class=\"wp-block-group__inner-container\"><p><ctv-product-list><\/ctv-product-list><\/p>\n\n\n\n<div class=\"wp-block-columns\">\n<div class=\"wp-block-column galerie\" style=\"flex-basis:60%\">\n<div class=\"wp-block-columns\">\n<div class=\"wp-block-column\">\n<figure class=\"wp-block-image size-full\"><img width=\"1024\" height=\"680\" src=\"https:\/\/campingmunicipalcapleucate-mss.fr\/wp-content\/uploads\/2022\/02\/00000387583.jpg\" alt=\"Campingplatz Mer Sable Soleil: k\u00fcche mobilheim\" class=\"wp-image-906\" srcset=\"https:\/\/campingmunicipalcapleucate-mss.fr\/wp-content\/uploads\/2022\/02\/00000387583.jpg 1024w, https:\/\/campingmunicipalcapleucate-mss.fr\/wp-content\/uploads\/2022\/02\/00000387583-300x199.jpg 300w, https:\/\/campingmunicipalcapleucate-mss.fr\/wp-content\/uploads\/2022\/02\/00000387583-768x510.jpg 768w\" sizes=\"(max-width: 1024px) 100vw, 1024px\" \/><\/figure>\n\n\n\n<figure class=\"wp-block-image size-full\"><img width=\"276\" height=\"320\" src=\"https:\/\/campingmunicipalcapleucate-mss.fr\/wp-content\/uploads\/2022\/01\/Rectangle-29.jpg\" alt=\"mobil-home cuisine leucate\" class=\"wp-image-338\" srcset=\"https:\/\/campingmunicipalcapleucate-mss.fr\/wp-content\/uploads\/2022\/01\/Rectangle-29.jpg 276w, https:\/\/campingmunicipalcapleucate-mss.fr\/wp-content\/uploads\/2022\/01\/Rectangle-29-259x300.jpg 259w\" sizes=\"(max-width: 276px) 100vw, 276px\" \/><\/figure>\n<\/div>\n\n\n\n<div class=\"wp-block-column is-vertically-aligned-center\">\n<p class=\"has-principale-color has-text-color\"><a href=\"https:\/\/campingmunicipalcapleucate-mss.fr\/de\/fotogallerie\/\" data-type=\"page\" data-id=\"426\"><i class=\"fal fa-camera-alt\"><\/i> Siehe Fotos und Videos<\/a><\/p>\n\n\n\n<figure class=\"wp-block-image size-full\"><img width=\"276\" height=\"180\" src=\"https:\/\/campingmunicipalcapleucate-mss.fr\/wp-content\/uploads\/2022\/01\/Rectangle-28.jpg\" alt=\"terrasse mobil-home surf\" class=\"wp-image-337\"\/><\/figure>\n\n\n\n<figure class=\"wp-block-image size-full\"><img width=\"1024\" height=\"682\" src=\"https:\/\/campingmunicipalcapleucate-mss.fr\/wp-content\/uploads\/2022\/02\/bloc-ext-1024x682-1.jpg\" alt=\"Camping Mer Sable Soleil: entr\u00e9e mobil-home\" class=\"wp-image-897\" srcset=\"https:\/\/campingmunicipalcapleucate-mss.fr\/wp-content\/uploads\/2022\/02\/bloc-ext-1024x682-1.jpg 1024w, https:\/\/campingmunicipalcapleucate-mss.fr\/wp-content\/uploads\/2022\/02\/bloc-ext-1024x682-1-300x200.jpg 300w, https:\/\/campingmunicipalcapleucate-mss.fr\/wp-content\/uploads\/2022\/02\/bloc-ext-1024x682-1-768x512.jpg 768w\" sizes=\"(max-width: 1024px) 100vw, 1024px\" \/><\/figure>\n<\/div>\n\n\n\n<div class=\"wp-block-column is-vertically-aligned-bottom\">\n<figure class=\"wp-block-image size-full\"><img width=\"276\" height=\"310\" src=\"https:\/\/campingmunicipalcapleucate-mss.fr\/wp-content\/uploads\/2022\/01\/Rectangle-30.jpg\" alt=\"terrasse acc\u00e8s mobil-home leucate\" class=\"wp-image-339\" srcset=\"https:\/\/campingmunicipalcapleucate-mss.fr\/wp-content\/uploads\/2022\/01\/Rectangle-30.jpg 276w, https:\/\/campingmunicipalcapleucate-mss.fr\/wp-content\/uploads\/2022\/01\/Rectangle-30-267x300.jpg 267w\" sizes=\"(max-width: 276px) 100vw, 276px\" \/><\/figure>\n<\/div>\n<\/div>\n<\/div>\n\n\n\n<div class=\"wp-block-column\" style=\"flex-basis:40%\">\n<h2 id=\"optez-pour-une-location-de-mobil-home-en-bord-de-mer-pres-de-l-etang-de-leucate\">Entscheiden Sie sich f\u00fcr eine Mobilheimvermietung am Meer in der N\u00e4he des Teiches von Leucate<\/h2>\n\n\n\n<p>Alle einst\u00f6ckigen und individuellen Mobilheimvermietungen verf\u00fcgen \u00fcber eigene Toiletten und Heizung. F\u00fcr Ihre Ruhe und Privatsph\u00e4re w\u00e4hrend Ihres Campingurlaubs im Languedoc Roussillon sind alle Mobilheime durch Pflanzenhecken getrennt.<\/p>\n\n\n\n<h3 class=\"has-principale-color has-text-color\" id=\"location-de-vacances-en-camping-3-etoiles-en-bord-de-mer\">Ferienvermietung auf einem 3-Sterne-Campingplatz am Meer<\/h3>\n\n\n\n<p><strong>Wo finden Sie eine Mobilheimvermietung in Aude<\/strong> f\u00fcr Ihren Urlaub am Mittelmeer? Der <strong>Familiencamping am Meer<\/strong> Mer Sable Soleil ist wie f\u00fcr Sie gemacht! Es ist der ideale Ort, um <strong>Ihren gr\u00fcnen Urlaub mit den F\u00fc\u00dfen im Wasser zu verbringen.<\/strong><\/p>\n\n\n\n<div class=\"wp-container-69ee632acda09 wp-block-buttons\">\n<div class=\"wp-block-button btn_resa\"><a class=\"wp-block-button__link has-secondaire-background-color has-background\"><i class=\"fal fa-calendar-check\"><\/i> Buchen<\/a><\/div>\n<\/div>\n<\/div>\n<\/div>\n<\/div><\/section>\n\n\n\n<div style=\"height:41px\" aria-hidden=\"true\" class=\"wp-block-spacer\"><\/div>\n\n\n\n<section class=\"wp-container-69ee632ace1ef wp-block-group ms-70-b has-fond-background-color has-background\"><div class=\"wp-block-group__inner-container\">\n<h2 class=\"has-text-align-center\" id=\"documents-utiles-pour-preparer-votre-sejour\">N\u00fctzliche Dokumente zur Vorbereitung Ihres Aufenthalts<\/h2>\n\n\n<ul><li><a href=\"https:\/\/campingmunicipalcapleucate-mss.fr\/wp-content\/uploads\/2022\/05\/Plan-Camping-2025.pdf\" target=\"_blank\">Plan des Campingplatzes<\/a><\/li><li><a href=\"https:\/\/campingmunicipalcapleucate-mss.fr\/wp-content\/uploads\/2022\/05\/Brochure-Camping-2.pdf\" target=\"_blank\">Offizielle Brosch\u00fcre<\/a><\/li><li><a href=\"https:\/\/campingmunicipalcapleucate-mss.fr\/wp-content\/uploads\/2022\/05\/General-Terms-of-Sale-2025.pdf\" target=\"_blank\">Allgemeine Gesch\u00e4ftsbedingungen<\/a><\/li><li><a href=\"https:\/\/campingmunicipalcapleucate-mss.fr\/wp-content\/uploads\/2022\/01\/charte-confidentialite-Francais.pdf\" target=\"_blank\">Datenschutzrichtlinien<\/a><\/li><\/ul>\n<\/div><\/section>\n\n\n\n<div style=\"height:100px\" aria-hidden=\"true\" class=\"wp-block-spacer\"><\/div>\n","protected":false},"excerpt":{"rendered":"<p>Mieten Sie ein komfortables Mobilheim in Leucate, 50 m vom Strand entfernt Unser Campingplatz verf\u00fcgt \u00fcber 48 Mobilheime, die auf der 11.824 m\u00b2 gro\u00dfen Fl\u00e4che aufgestellt wurden. Ihre Mobilheimvermietung im Languedoc Roussillon am Fu\u00dfe der besten Skigebiete der Aude Das Mobilheim ist die ideale Unterkunft f\u00fcr diejenigen, die maximalen Komfort w\u00fcnschen und gleichzeitig die vielen [&hellip;]<\/p>\n","protected":false},"author":1,"featured_media":0,"parent":0,"menu_order":0,"comment_status":"closed","ping_status":"closed","template":"","meta":[],"acf":[],"_links":{"self":[{"href":"https:\/\/campingmunicipalcapleucate-mss.fr\/de\/wp-json\/wp\/v2\/pages\/2042"}],"collection":[{"href":"https:\/\/campingmunicipalcapleucate-mss.fr\/de\/wp-json\/wp\/v2\/pages"}],"about":[{"href":"https:\/\/campingmunicipalcapleucate-mss.fr\/de\/wp-json\/wp\/v2\/types\/page"}],"author":[{"embeddable":true,"href":"https:\/\/campingmunicipalcapleucate-mss.fr\/de\/wp-json\/wp\/v2\/users\/1"}],"replies":[{"embeddable":true,"href":"https:\/\/campingmunicipalcapleucate-mss.fr\/de\/wp-json\/wp\/v2\/comments?post=2042"}],"version-history":[{"count":6,"href":"https:\/\/campingmunicipalcapleucate-mss.fr\/de\/wp-json\/wp\/v2\/pages\/2042\/revisions"}],"predecessor-version":[{"id":3732,"href":"https:\/\/campingmunicipalcapleucate-mss.fr\/de\/wp-json\/wp\/v2\/pages\/2042\/revisions\/3732"}],"wp:attachment":[{"href":"https:\/\/campingmunicipalcapleucate-mss.fr\/de\/wp-json\/wp\/v2\/media?parent=2042"}],"curies":[{"name":"wp","href":"https:\/\/api.w.org\/{rel}","templated":true}]}}