{"id":2050,"date":"2022-05-31T12:25:21","date_gmt":"2022-05-31T10:25:21","guid":{"rendered":"https:\/\/campingmunicipalcapleucate-mss.fr\/la-franqui\/"},"modified":"2022-05-31T12:25:23","modified_gmt":"2022-05-31T10:25:23","slug":"la-franqui","status":"publish","type":"page","link":"https:\/\/campingmunicipalcapleucate-mss.fr\/de\/la-franqui\/","title":{"rendered":"La Franqui"},"content":{"rendered":"\n<div class=\"wp-block-cover ms-100-b\"><span aria-hidden=\"true\" class=\"has-background-dim-40 wp-block-cover__gradient-background has-background-dim\"><\/span><img width=\"1920\" height=\"1080\" class=\"wp-block-cover__image-background wp-image-323\" alt=\"\" src=\"https:\/\/campingmunicipalcapleucate-mss.fr\/wp-content\/uploads\/2022\/01\/Rectangle-1-1.jpg\" data-object-fit=\"cover\" srcset=\"https:\/\/campingmunicipalcapleucate-mss.fr\/wp-content\/uploads\/2022\/01\/Rectangle-1-1.jpg 1920w, https:\/\/campingmunicipalcapleucate-mss.fr\/wp-content\/uploads\/2022\/01\/Rectangle-1-1-300x169.jpg 300w, https:\/\/campingmunicipalcapleucate-mss.fr\/wp-content\/uploads\/2022\/01\/Rectangle-1-1-1024x576.jpg 1024w, https:\/\/campingmunicipalcapleucate-mss.fr\/wp-content\/uploads\/2022\/01\/Rectangle-1-1-768x432.jpg 768w, https:\/\/campingmunicipalcapleucate-mss.fr\/wp-content\/uploads\/2022\/01\/Rectangle-1-1-1536x864.jpg 1536w\" sizes=\"(max-width: 1920px) 100vw, 1920px\" \/><div class=\"wp-block-cover__inner-container\">\n<h1 class=\"has-text-align-center has-blanc-color has-text-color\" id=\"camping-proche-la-franqui\">Campingplatz in der N\u00e4he von La Franqui<\/h1>\n<\/div><\/div>\n\n<section class=\"wp-container-69f0884cd81d3 wp-block-group ms-70-a has-fond-background-color has-background\"><div class=\"wp-block-group__inner-container\">\n<div class=\"wp-block-columns\">\n<div class=\"wp-block-column is-vertically-aligned-center\" style=\"flex-basis:50%\">\n<p><strong>La Franqui ist ein kleiner Badeort<\/strong> in der Stadt Leucate in <a href=\"https:\/\/campingmunicipalcapleucate-mss.fr\/de\/umfeld\/\">Aude<\/a> , besonders gut gelegen zwischen dem riesigen Strand von Coussoules und dem Etang de la Palme. La Franqui, ein kleines Familienresort, gilt als der \u00e4lteste Badeort in der Aude und beh\u00e4lt als solcher sein G\u00fctesiegel vergangener Zeiten. An das Plateau der Klippe gelehnt, k\u00f6nnen Sie die felsige K\u00fcste sowie den riesigen feinen Sandstrand von La Franqui genie\u00dfen&#8230; Unser <a href=\"https:\/\/campingmunicipalcapleucate-mss.fr\/de\/\">Campingplatz in Leucate<\/a> , nur einen Steinwurf von La Franqui entfernt, ist ein herrlicher Ausgangspunkt, um in die Aude einzutauchen Kultur und Landschaften.<\/p>\n\n\n\n<div class=\"wp-container-69f0884cd7e6f wp-block-buttons\">\n<div class=\"wp-block-button\"><a class=\"wp-block-button__link has-secondaire-background-color has-background\" href=\"https:\/\/campingmunicipalcapleucate-mss.fr\/spots\/\">Leukatflecken<\/a><\/div>\n<\/div>\n<\/div>\n\n\n\n<div class=\"wp-block-column\" style=\"flex-basis:50%\">\n<figure class=\"wp-block-gallery has-nested-images columns-3 is-cropped\">\n<figure class=\"wp-block-image size-full\"><img width=\"768\" height=\"512\" src=\"https:\/\/campingmunicipalcapleucate-mss.fr\/wp-content\/uploads\/2022\/02\/Leucate-La_Franqui_Aude_view_from_the_cliffs-768x512-1.jpg\" alt=\"\" class=\"wp-image-1366\" srcset=\"https:\/\/campingmunicipalcapleucate-mss.fr\/wp-content\/uploads\/2022\/02\/Leucate-La_Franqui_Aude_view_from_the_cliffs-768x512-1.jpg 768w, https:\/\/campingmunicipalcapleucate-mss.fr\/wp-content\/uploads\/2022\/02\/Leucate-La_Franqui_Aude_view_from_the_cliffs-768x512-1-300x200.jpg 300w\" sizes=\"(max-width: 768px) 100vw, 768px\" \/><\/figure>\n\n\n<figure class=\"wp-block-image size-large\"><img width=\"1024\" height=\"576\" src=\"https:\/\/campingmunicipalcapleucate-mss.fr\/wp-content\/uploads\/2022\/02\/119887859_3539895442716920_5690693796190467902_n-1024x576.jpg\" alt=\"Camping Mer Sable Soleil: 119887859 3539895442716920 5690693796190467902 N\" class=\"wp-image-1109\" srcset=\"https:\/\/campingmunicipalcapleucate-mss.fr\/wp-content\/uploads\/2022\/02\/119887859_3539895442716920_5690693796190467902_n-1024x576.jpg 1024w, https:\/\/campingmunicipalcapleucate-mss.fr\/wp-content\/uploads\/2022\/02\/119887859_3539895442716920_5690693796190467902_n-300x169.jpg 300w, https:\/\/campingmunicipalcapleucate-mss.fr\/wp-content\/uploads\/2022\/02\/119887859_3539895442716920_5690693796190467902_n-768x432.jpg 768w, https:\/\/campingmunicipalcapleucate-mss.fr\/wp-content\/uploads\/2022\/02\/119887859_3539895442716920_5690693796190467902_n.jpg 1440w\" sizes=\"(max-width: 1024px) 100vw, 1024px\" \/><\/figure>\n\n\n<figure class=\"wp-block-image size-large\"><img width=\"1024\" height=\"682\" src=\"https:\/\/campingmunicipalcapleucate-mss.fr\/wp-content\/uploads\/2022\/02\/aile-kite-plage-1024x682.jpg\" alt=\"Campingplatz Mer Sable Soleil: Kite Beach Fl&#xFC;gel\" class=\"wp-image-989\" srcset=\"https:\/\/campingmunicipalcapleucate-mss.fr\/wp-content\/uploads\/2022\/02\/aile-kite-plage-1024x682.jpg 1024w, https:\/\/campingmunicipalcapleucate-mss.fr\/wp-content\/uploads\/2022\/02\/aile-kite-plage-300x200.jpg 300w, https:\/\/campingmunicipalcapleucate-mss.fr\/wp-content\/uploads\/2022\/02\/aile-kite-plage-768x512.jpg 768w, https:\/\/campingmunicipalcapleucate-mss.fr\/wp-content\/uploads\/2022\/02\/aile-kite-plage-1536x1024.jpg 1536w, https:\/\/campingmunicipalcapleucate-mss.fr\/wp-content\/uploads\/2022\/02\/aile-kite-plage.jpg 1772w\" sizes=\"(max-width: 1024px) 100vw, 1024px\" \/><figcaption><a href=\"https:\/\/campingmunicipalcapleucate-mss.fr\/de\/fotogallerie\/\" data-type=\"page\" data-id=\"426\">Siehe Fotos und Videos <i class=\"fal fa-camera-alt\"><\/i><\/a><\/figcaption><\/figure><\/figure>\n<\/div>\n<\/div>\n<\/div><\/section>\n\n<div style=\"height:150px\" aria-hidden=\"true\" class=\"wp-block-spacer\"><\/div>\n\n<section class=\"wp-container-69f0884cd8627 wp-block-group ms-40-a\"><div class=\"wp-block-group__inner-container\">\n<div class=\"wp-block-columns\">\n<div class=\"wp-block-column galerie\" style=\"flex-basis:60%\">\n<div class=\"wp-block-columns\">\n<div class=\"wp-block-column\">\n<figure class=\"wp-block-image size-large\"><img width=\"1024\" height=\"573\" src=\"https:\/\/campingmunicipalcapleucate-mss.fr\/wp-content\/uploads\/2022\/02\/paddle-2-edited-1-1024x573.jpg\" alt=\"Campingplatz Mer Sable Soleil: Paddel 2\" class=\"wp-image-1016\" srcset=\"https:\/\/campingmunicipalcapleucate-mss.fr\/wp-content\/uploads\/2022\/02\/paddle-2-edited-1-1024x573.jpg 1024w, https:\/\/campingmunicipalcapleucate-mss.fr\/wp-content\/uploads\/2022\/02\/paddle-2-edited-1-300x168.jpg 300w, https:\/\/campingmunicipalcapleucate-mss.fr\/wp-content\/uploads\/2022\/02\/paddle-2-edited-1-768x430.jpg 768w, https:\/\/campingmunicipalcapleucate-mss.fr\/wp-content\/uploads\/2022\/02\/paddle-2-edited-1-1536x859.jpg 1536w, https:\/\/campingmunicipalcapleucate-mss.fr\/wp-content\/uploads\/2022\/02\/paddle-2-edited-1.jpg 1772w\" sizes=\"(max-width: 1024px) 100vw, 1024px\" \/><\/figure>\n\n\n<figure class=\"wp-block-image size-large\"><img width=\"1024\" height=\"683\" src=\"https:\/\/campingmunicipalcapleucate-mss.fr\/wp-content\/uploads\/2022\/02\/pexels-mac-photo-7795510-1024x683.jpg\" alt=\"Camping Mer Sable Soleil : Pexels Mac Foto 7795510\" class=\"wp-image-1341\" srcset=\"https:\/\/campingmunicipalcapleucate-mss.fr\/wp-content\/uploads\/2022\/02\/pexels-mac-photo-7795510-1024x683.jpg 1024w, https:\/\/campingmunicipalcapleucate-mss.fr\/wp-content\/uploads\/2022\/02\/pexels-mac-photo-7795510-300x200.jpg 300w, https:\/\/campingmunicipalcapleucate-mss.fr\/wp-content\/uploads\/2022\/02\/pexels-mac-photo-7795510-768x512.jpg 768w, https:\/\/campingmunicipalcapleucate-mss.fr\/wp-content\/uploads\/2022\/02\/pexels-mac-photo-7795510-1536x1024.jpg 1536w, https:\/\/campingmunicipalcapleucate-mss.fr\/wp-content\/uploads\/2022\/02\/pexels-mac-photo-7795510-2048x1365.jpg 2048w\" sizes=\"(max-width: 1024px) 100vw, 1024px\" \/><\/figure>\n\n\n<p class=\"has-principale-color has-text-color\"><a href=\"https:\/\/campingmunicipalcapleucate-mss.fr\/de\/fotogallerie\/\" data-type=\"page\" data-id=\"426\"><i class=\"fal fa-camera-alt\"><\/i> Siehe Fotos und Videos<\/a><\/p>\n<\/div>\n\n\n\n<div class=\"wp-block-column\">\n<p class=\"has-principale-color has-text-color\"><a href=\"https:\/\/campingmunicipalcapleucate-mss.fr\/webcam-leucate\/\" data-type=\"page\" data-id=\"418\"><i class=\"fal fa-umbrella-beach\"><\/i> 50 m vom Strand entfernt<\/a><\/p>\n\n\n\n<figure class=\"wp-block-image size-large\"><img width=\"1024\" height=\"790\" src=\"https:\/\/campingmunicipalcapleucate-mss.fr\/wp-content\/uploads\/2022\/02\/kite-plage-1024x790.jpg\" alt=\"Campingplatz Mer Sable Soleil: Drachenstrand\" class=\"wp-image-1286\" srcset=\"https:\/\/campingmunicipalcapleucate-mss.fr\/wp-content\/uploads\/2022\/02\/kite-plage-1024x790.jpg 1024w, https:\/\/campingmunicipalcapleucate-mss.fr\/wp-content\/uploads\/2022\/02\/kite-plage-300x232.jpg 300w, https:\/\/campingmunicipalcapleucate-mss.fr\/wp-content\/uploads\/2022\/02\/kite-plage-768x593.jpg 768w, https:\/\/campingmunicipalcapleucate-mss.fr\/wp-content\/uploads\/2022\/02\/kite-plage.jpg 1530w\" sizes=\"(max-width: 1024px) 100vw, 1024px\" \/><\/figure>\n\n\n<figure class=\"wp-block-image size-large\"><img width=\"1024\" height=\"683\" src=\"https:\/\/campingmunicipalcapleucate-mss.fr\/wp-content\/uploads\/2022\/02\/antoine-demare-wM9iR8b2erE-unsplash-1024x683.jpg\" alt=\"Camping Mer Sable Soleil : Antoine Demare Wm9ir8b2ere Unsplash\" class=\"wp-image-1383\" srcset=\"https:\/\/campingmunicipalcapleucate-mss.fr\/wp-content\/uploads\/2022\/02\/antoine-demare-wM9iR8b2erE-unsplash-1024x683.jpg 1024w, https:\/\/campingmunicipalcapleucate-mss.fr\/wp-content\/uploads\/2022\/02\/antoine-demare-wM9iR8b2erE-unsplash-300x200.jpg 300w, https:\/\/campingmunicipalcapleucate-mss.fr\/wp-content\/uploads\/2022\/02\/antoine-demare-wM9iR8b2erE-unsplash-768x512.jpg 768w, https:\/\/campingmunicipalcapleucate-mss.fr\/wp-content\/uploads\/2022\/02\/antoine-demare-wM9iR8b2erE-unsplash-1536x1024.jpg 1536w, https:\/\/campingmunicipalcapleucate-mss.fr\/wp-content\/uploads\/2022\/02\/antoine-demare-wM9iR8b2erE-unsplash-2048x1365.jpg 2048w\" sizes=\"(max-width: 1024px) 100vw, 1024px\" \/><\/figure><\/div>\n\n\n\n<div class=\"wp-block-column is-vertically-aligned-bottom\">\n<figure class=\"wp-block-image size-large\"><img width=\"682\" height=\"1024\" src=\"https:\/\/campingmunicipalcapleucate-mss.fr\/wp-content\/uploads\/2022\/02\/paella-682x1024.jpg\" alt=\"Campingplatz Mer Sable Soleil: Paella\" class=\"wp-image-1118\" srcset=\"https:\/\/campingmunicipalcapleucate-mss.fr\/wp-content\/uploads\/2022\/02\/paella-682x1024.jpg 682w, https:\/\/campingmunicipalcapleucate-mss.fr\/wp-content\/uploads\/2022\/02\/paella-200x300.jpg 200w, https:\/\/campingmunicipalcapleucate-mss.fr\/wp-content\/uploads\/2022\/02\/paella-768x1152.jpg 768w, https:\/\/campingmunicipalcapleucate-mss.fr\/wp-content\/uploads\/2022\/02\/paella.jpg 787w\" sizes=\"(max-width: 682px) 100vw, 682px\" \/><\/figure>\n\n\n<p class=\"has-principale-color has-text-color\"><i class=\"fal fa-sunglasses\"><\/i> Entspannung garantiert<\/p>\n<\/div>\n<\/div>\n<\/div>\n\n\n\n<div class=\"wp-block-column\" style=\"flex-basis:40%\">\n<h2 class=\"has-principale-color has-text-color\" id=\"des-vacances-au-bord-de-mer-dans-notre-camping-3-etoiles-pres-de-la-franqui\">Urlaub am Meer auf unserem 3-Sterne-Campingplatz in der N\u00e4he von La Franqui <\/h2>\n\n\n\n<p>Um einen Urlaub unter der Sonne in einer au\u00dfergew\u00f6hnlichen und gesch\u00fctzten nat\u00fcrlichen Umgebung zu verbringen, ist nichts besser als ein Aufenthalt im S\u00fcden und insbesondere in der Aude. F\u00fcr Ihre Unterkunft verf\u00fcgt unser Campingplatz in Leucate, am Meer, 50 m vom Strand entfernt, in der N\u00e4he von La Franqui, \u00fcber eine vielf\u00e4ltige Mietflotte, die an alle Bed\u00fcrfnisse und Budgets angepasst ist. Unsere Mobilheime bestehen aus 2 oder 3 Schlafzimmern und bieten allen notwendigen Komfort f\u00fcr einen ruhigen Aufenthalt.<\/p>\n\n\n\n<p>Alle Freuden des Wassers sind in der N\u00e4he des Campingplatzes; viele Spots f\u00fcr Surfer, Windsurfer, Kitesurfer und Funboarder entlang der K\u00fcste von Aude und werden Sie sicherlich gl\u00fccklich machen. Schlie\u00dflich organisiert <strong>unser Campingplatz Mer Sable Soleil<\/strong> mit dem Label &#8222;Family plus&#8220; verschiedene Aktivit\u00e4ten und Veranstaltungen, um Ihren Aufenthalt f\u00fcr jedes Alter angenehm zu gestalten. <\/p>\n\n\n\n<p>Von unserem Campingplatz aus finden Sie eine ganze Reihe von Aktivit\u00e4ten, die Sie allein oder mit der Familie unternehmen k\u00f6nnen, um in die umliegenden Gebiete einzutauchen. Ein guter Ausgangspunkt, um die Weite der Landschaften der Aude zu entdecken, ist es, den verschiedenen Wegen entlang der Mittelmeerk\u00fcste zu folgen. Die vielen Wanderungen von La Franqui aus sorgen f\u00fcr Wohlbefinden und Entspannung zugleich.<\/p>\n<\/div>\n<\/div>\n<\/div><\/section>\n\n<div class=\"wp-container-69f0884cd88f0 wp-block-group ms-60-a\"><div class=\"wp-block-group__inner-container\">\n<div class=\"wp-block-cover is-light\"><span aria-hidden=\"true\" class=\"has-blanc-background-color wp-block-cover__gradient-background has-background-dim\"><\/span><img width=\"2560\" height=\"1703\" class=\"wp-block-cover__image-background wp-image-1391\" alt=\"Camping Mer Sable Soleil : Jan Kopriva Krdj67eugra Unsplash\" src=\"https:\/\/campingmunicipalcapleucate-mss.fr\/wp-content\/uploads\/2022\/02\/jan-kopriva-KrDJ67eUgRA-unsplash-scaled.jpg\" style=\"object-position:56% 46%\" data-object-fit=\"cover\" data-object-position=\"56% 46%\" srcset=\"https:\/\/campingmunicipalcapleucate-mss.fr\/wp-content\/uploads\/2022\/02\/jan-kopriva-KrDJ67eUgRA-unsplash-scaled.jpg 2560w, https:\/\/campingmunicipalcapleucate-mss.fr\/wp-content\/uploads\/2022\/02\/jan-kopriva-KrDJ67eUgRA-unsplash-300x200.jpg 300w, https:\/\/campingmunicipalcapleucate-mss.fr\/wp-content\/uploads\/2022\/02\/jan-kopriva-KrDJ67eUgRA-unsplash-1024x681.jpg 1024w, https:\/\/campingmunicipalcapleucate-mss.fr\/wp-content\/uploads\/2022\/02\/jan-kopriva-KrDJ67eUgRA-unsplash-768x511.jpg 768w, https:\/\/campingmunicipalcapleucate-mss.fr\/wp-content\/uploads\/2022\/02\/jan-kopriva-KrDJ67eUgRA-unsplash-1536x1022.jpg 1536w, https:\/\/campingmunicipalcapleucate-mss.fr\/wp-content\/uploads\/2022\/02\/jan-kopriva-KrDJ67eUgRA-unsplash-2048x1363.jpg 2048w\" sizes=\"(max-width: 2560px) 100vw, 2560px\" \/><div class=\"wp-block-cover__inner-container\">\n<p class=\"has-text-align-center has-large-font-size\"><\/p>\n<\/div><\/div>\n<\/div><\/div>\n\n<section class=\"wp-container-69f0884cd8c5f wp-block-group\"><div class=\"wp-block-group__inner-container\">\n<div class=\"wp-block-columns\">\n<div class=\"wp-block-column is-vertically-aligned-center\" style=\"flex-basis:30%\">\n<h2 id=\"les-randonnees-depuis-la-franqui-decouvrir-le-littoral-autrement\"><strong>Wanderungen von La Franqui: Entdecken Sie die K\u00fcste anders<\/strong><\/h2>\n<\/div>\n\n\n\n<div class=\"wp-block-column\" style=\"flex-basis:70%\">\n<div class=\"wp-block-columns\">\n<div class=\"wp-block-column is-vertically-aligned-center\" style=\"flex-basis:90%\">\n<h3 class=\"has-secondaire-color has-text-color\" id=\"le-sentier-du-guetteur\">Die Spur des Beobachters<\/h3>\n\n\n\n<p>Der Sentier du Guetteur ist eine einfache M\u00f6glichkeit, die Region zu entdecken, relativ auf und ab. Mit einer L\u00e4nge von 4,3 km kann dieser Weg in weniger als 90 Minuten in freundlicher Atmosph\u00e4re begangen werden. Ausgangspunkt ist die Touristeninformation von <strong>La Franqui<\/strong> , die Route kann aber auch am Leuchtturm von <strong>Leucate plage<\/strong> beginnen. Auf dem Weg haben Sie einen H\u00f6henunterschied von 50 Metern, mit Sonnenlicht auf den klaren Seiten des Felsens der Klippe. Sie werden die verschiedenen unzug\u00e4nglichen Buchten am Fu\u00dfe der Klippe sowie das Mittelmeer genie\u00dfen k\u00f6nnen.<\/p>\n<\/div>\n<\/div>\n\n\n\n<div class=\"wp-block-columns\">\n<div class=\"wp-block-column is-vertically-aligned-center\" style=\"flex-basis:80%\">\n<h3 class=\"has-secondaire-color has-text-color\" id=\"le-sentier-du-berger\">Der Hirtenweg<\/h3>\n\n\n\n<p>Die Route auf den Sentier du Guetteur ist sehr spannend und f\u00fchrt zu einem weiteren Weg am Cap des fr\u00e8res. Dies ist der Hirtenweg mit einer Gesamtl\u00e4nge von 7 km. Mit einem H\u00f6henunterschied von 20 Metern kann es in 2,5 Stunden in eine Richtung zur\u00fcckgelegt werden. Der Weg bildet eine Schleife, die es Ihnen erm\u00f6glicht, die pastorale Berufung des Plateaus vollst\u00e4ndig zu verstehen und einen Aussichtspunkt auf die K\u00fcste zu erreichen. Der Hirtenweg bietet einen Blick auf die Klippe und die gro\u00dfen Gehege, die fr\u00fcher f\u00fcr Schafe bestimmt waren. Sie k\u00f6nnen auch das Cap des fr\u00e8res bewundern, das eines der Wahrzeichen ist, das von V\u00f6geln w\u00e4hrend ihres Zugs genutzt wird. Das Meer, die Lagune und die Berge werden Ihre Reise ebenfalls bereichern, indem Sie einem Weg folgen, der zum Dorf hinabf\u00fchrt.<\/p>\n<\/div>\n<\/div>\n<\/div>\n<\/div>\n<\/div><\/section>\n","protected":false},"excerpt":{"rendered":"<p>La Franqui ist ein kleiner Badeort in der Stadt Leucate in Aude , besonders gut gelegen zwischen dem riesigen Strand von Coussoules und dem Etang de la Palme. La Franqui, ein kleines Familienresort, gilt als der \u00e4lteste Badeort in der Aude und beh\u00e4lt als solcher sein G\u00fctesiegel vergangener Zeiten. An das Plateau der Klippe gelehnt, [&hellip;]<\/p>\n","protected":false},"author":1,"featured_media":0,"parent":0,"menu_order":0,"comment_status":"closed","ping_status":"closed","template":"","meta":[],"acf":[],"_links":{"self":[{"href":"https:\/\/campingmunicipalcapleucate-mss.fr\/de\/wp-json\/wp\/v2\/pages\/2050"}],"collection":[{"href":"https:\/\/campingmunicipalcapleucate-mss.fr\/de\/wp-json\/wp\/v2\/pages"}],"about":[{"href":"https:\/\/campingmunicipalcapleucate-mss.fr\/de\/wp-json\/wp\/v2\/types\/page"}],"author":[{"embeddable":true,"href":"https:\/\/campingmunicipalcapleucate-mss.fr\/de\/wp-json\/wp\/v2\/users\/1"}],"replies":[{"embeddable":true,"href":"https:\/\/campingmunicipalcapleucate-mss.fr\/de\/wp-json\/wp\/v2\/comments?post=2050"}],"version-history":[{"count":3,"href":"https:\/\/campingmunicipalcapleucate-mss.fr\/de\/wp-json\/wp\/v2\/pages\/2050\/revisions"}],"predecessor-version":[{"id":2053,"href":"https:\/\/campingmunicipalcapleucate-mss.fr\/de\/wp-json\/wp\/v2\/pages\/2050\/revisions\/2053"}],"wp:attachment":[{"href":"https:\/\/campingmunicipalcapleucate-mss.fr\/de\/wp-json\/wp\/v2\/media?parent=2050"}],"curies":[{"name":"wp","href":"https:\/\/api.w.org\/{rel}","templated":true}]}}