{"id":2058,"date":"2022-05-31T12:30:29","date_gmt":"2022-05-31T10:30:29","guid":{"rendered":"https:\/\/campingmunicipalcapleucate-mss.fr\/leucate-wind-welt\/"},"modified":"2024-02-16T15:16:36","modified_gmt":"2024-02-16T14:16:36","slug":"leucate-wind-welt","status":"publish","type":"page","link":"https:\/\/campingmunicipalcapleucate-mss.fr\/de\/leucate-wind-welt\/","title":{"rendered":"leucate Wind Welt"},"content":{"rendered":"\n<div class=\"wp-block-cover is-light ms-100-b\"><span aria-hidden=\"true\" class=\"has-background-dim-40 wp-block-cover__gradient-background has-background-dim\"><\/span><img width=\"1920\" height=\"1080\" class=\"wp-block-cover__image-background wp-image-323\" alt=\"plage mondial du vent\" src=\"https:\/\/campingmunicipalcapleucate-mss.fr\/wp-content\/uploads\/2022\/01\/Rectangle-1-1.jpg\" data-object-fit=\"cover\" srcset=\"https:\/\/campingmunicipalcapleucate-mss.fr\/wp-content\/uploads\/2022\/01\/Rectangle-1-1.jpg 1920w, https:\/\/campingmunicipalcapleucate-mss.fr\/wp-content\/uploads\/2022\/01\/Rectangle-1-1-300x169.jpg 300w, https:\/\/campingmunicipalcapleucate-mss.fr\/wp-content\/uploads\/2022\/01\/Rectangle-1-1-1024x576.jpg 1024w, https:\/\/campingmunicipalcapleucate-mss.fr\/wp-content\/uploads\/2022\/01\/Rectangle-1-1-768x432.jpg 768w, https:\/\/campingmunicipalcapleucate-mss.fr\/wp-content\/uploads\/2022\/01\/Rectangle-1-1-1536x864.jpg 1536w\" sizes=\"(max-width: 1920px) 100vw, 1920px\" \/><div class=\"wp-block-cover__inner-container\">\n<h1 class=\"has-text-align-center has-blanc-color has-text-color\" id=\"mondial-du-vent-leucate\">Weltwind Leucate<\/h1>\n<\/div><\/div>\n\n\n\n<section class=\"wp-container-69ee79907040e wp-block-group ms-50-a\"><div class=\"wp-block-group__inner-container\">\n<div class=\"wp-block-columns\">\n<div class=\"wp-block-column\">\n<p>Seit 1996 ist die Stadt Leucate <strong>die Hauptstadt des Gleitsports<\/strong> durch die Windwelt. Diese internationale Veranstaltung findet jedes Jahr in Leucate la Franqui statt. Mehrere Wettbewerbe stehen im Rampenlicht: Windsurfen, Kitesurfen und die brandneue Disziplin Wingfoil. Das Mondial du Vent ist auch eine Vielzahl von Aktivit\u00e4ten mit dem Sliding Village.<\/p>\n\n\n\n<h2 id=\"les-competitions-sportives-du-mondial-du-vent\">Sportwettk\u00e4mpfe beim Mondial du Vent<\/h2>\n\n\n\n<p>Mit dem ber\u00fchmten Strand von Franqui sind alle Voraussetzungen f\u00fcr die Aus\u00fcbung von Brettsportarten erf\u00fcllt. <strong>Das Mondial du Vent,<\/strong> das jedes Jahr f\u00fcr eine Woche in Leucate organisiert wird, bringt Wassersportfachleute aus Frankreich und anderen L\u00e4ndern zusammen.<\/p>\n\n\n\n<p>Neben diesen Profis (Wettk\u00e4mpfern) nehmen auch Hersteller von Wassersportger\u00e4ten an der Veranstaltung teil. Es versteht sich von selbst, dass mehrere Zuschauer zu der Veranstaltung kommen, um alle Etappen des Wettbewerbs mitzuerleben.<\/p>\n\n\n\n<p>Da der Wettbewerb normalerweise in den Fr\u00fchlingsferien stattfindet, zieht er ein gro\u00dfes Publikum an. Le Mondial du Vent bietet sportliche Aktivit\u00e4ten, die so interessant sind wie die anderen.<\/p>\n<\/div>\n\n\n\n<div class=\"wp-block-column\">\n<figure class=\"wp-block-gallery has-nested-images columns-2 is-cropped\">\n<figure class=\"wp-block-image size-full\"><img width=\"350\" height=\"188\" src=\"https:\/\/campingmunicipalcapleucate-mss.fr\/wp-content\/uploads\/2022\/02\/Rectangle-7-2-edited.jpg\" alt=\"windusrf leucate vent\" class=\"wp-image-1239\" srcset=\"https:\/\/campingmunicipalcapleucate-mss.fr\/wp-content\/uploads\/2022\/02\/Rectangle-7-2-edited.jpg 350w, https:\/\/campingmunicipalcapleucate-mss.fr\/wp-content\/uploads\/2022\/02\/Rectangle-7-2-edited-300x161.jpg 300w\" sizes=\"(max-width: 350px) 100vw, 350px\" \/><\/figure>\n\n\n\n<figure class=\"wp-block-image size-full\"><img width=\"385\" height=\"445\" src=\"https:\/\/campingmunicipalcapleucate-mss.fr\/wp-content\/uploads\/2022\/01\/Rectangle-18.jpg\" alt=\"mondial du vent windsurf\" class=\"wp-image-348\" srcset=\"https:\/\/campingmunicipalcapleucate-mss.fr\/wp-content\/uploads\/2022\/01\/Rectangle-18.jpg 385w, https:\/\/campingmunicipalcapleucate-mss.fr\/wp-content\/uploads\/2022\/01\/Rectangle-18-260x300.jpg 260w\" sizes=\"(max-width: 385px) 100vw, 385px\" \/><\/figure>\n\n\n\n<figure class=\"wp-block-image size-large\"><img width=\"1024\" height=\"575\" src=\"https:\/\/campingmunicipalcapleucate-mss.fr\/wp-content\/uploads\/2022\/02\/planche-lafranqui-edited-2-1024x575.jpg\" alt=\"Campingplatz Mer Sable Soleil: Planche Lafranqui\" class=\"wp-image-1295\" srcset=\"https:\/\/campingmunicipalcapleucate-mss.fr\/wp-content\/uploads\/2022\/02\/planche-lafranqui-edited-2-1024x575.jpg 1024w, https:\/\/campingmunicipalcapleucate-mss.fr\/wp-content\/uploads\/2022\/02\/planche-lafranqui-edited-2-300x169.jpg 300w, https:\/\/campingmunicipalcapleucate-mss.fr\/wp-content\/uploads\/2022\/02\/planche-lafranqui-edited-2-768x432.jpg 768w, https:\/\/campingmunicipalcapleucate-mss.fr\/wp-content\/uploads\/2022\/02\/planche-lafranqui-edited-2-1536x863.jpg 1536w, https:\/\/campingmunicipalcapleucate-mss.fr\/wp-content\/uploads\/2022\/02\/planche-lafranqui-edited-2.jpg 1895w\" sizes=\"(max-width: 1024px) 100vw, 1024px\" \/><figcaption><a href=\"https:\/\/campingmunicipalcapleucate-mss.fr\/de\/fotogallerie\/\" data-type=\"page\" data-id=\"426\"><i class=\"fal fa-camera-alt\"><\/i> Siehe Fotos und Videos<\/a><\/figcaption><\/figure>\n<\/figure>\n<\/div>\n<\/div>\n\n\n\n<div style=\"height:100px\" aria-hidden=\"true\" class=\"wp-block-spacer\"><\/div>\n<\/div><\/section>\n\n\n\n<div class=\"wp-container-69ee799070a4e wp-block-group ms-70-a has-fond-background-color has-background\"><div class=\"wp-block-group__inner-container\">\n<div class=\"wp-container-69ee7990707d4 wp-block-group listing-card\"><div class=\"wp-block-group__inner-container\">\n<div class=\"wp-block-columns\">\n<div class=\"wp-block-column card\">\n<figure class=\"wp-block-image size-large\"><img width=\"1024\" height=\"683\" src=\"https:\/\/campingmunicipalcapleucate-mss.fr\/wp-content\/uploads\/2022\/02\/windsurfing-g1f5136897_1920-1024x683.jpg\" alt=\"windsurf freestyle\" class=\"wp-image-1327\" srcset=\"https:\/\/campingmunicipalcapleucate-mss.fr\/wp-content\/uploads\/2022\/02\/windsurfing-g1f5136897_1920-1024x683.jpg 1024w, https:\/\/campingmunicipalcapleucate-mss.fr\/wp-content\/uploads\/2022\/02\/windsurfing-g1f5136897_1920-300x200.jpg 300w, https:\/\/campingmunicipalcapleucate-mss.fr\/wp-content\/uploads\/2022\/02\/windsurfing-g1f5136897_1920-768x512.jpg 768w, https:\/\/campingmunicipalcapleucate-mss.fr\/wp-content\/uploads\/2022\/02\/windsurfing-g1f5136897_1920-1536x1024.jpg 1536w, https:\/\/campingmunicipalcapleucate-mss.fr\/wp-content\/uploads\/2022\/02\/windsurfing-g1f5136897_1920.jpg 1920w\" sizes=\"(max-width: 1024px) 100vw, 1024px\" \/><\/figure>\n\n\n\n<h3 class=\"has-text-align-center has-secondaire-color has-text-color\" id=\"coupe-de-france-de-windsurf-freestyle\"><strong>Franz\u00f6sischer Freestyle-Windsurf-Cup<\/strong><\/h3>\n\n\n\n<p><strong>Windsurfen<\/strong> ist eine nautische Freestyle-Aktivit\u00e4t, die Surfprofis zusammenbringt, die spektakul\u00e4re Bewegungen ausf\u00fchren, indem sie sich in die H\u00f6he treiben. Die Teilnehmer werden von einem Jet-Ski gezogen. Die Kraft des Windes beg\u00fcnstigt alle Man\u00f6ver, die die Fahrer w\u00e4hrend ihres Kurses machen werden. Windsurfer treffen sich jedes Jahr in Leucate, um dieses gro\u00dfe Wassersportereignis mitzurei\u00dfen.<\/p>\n<\/div>\n\n\n\n<div class=\"wp-block-column card\">\n<figure class=\"wp-block-image size-large\"><img width=\"1024\" height=\"683\" src=\"https:\/\/campingmunicipalcapleucate-mss.fr\/wp-content\/uploads\/2022\/02\/kite-surfing-g7be27390d_1920-1024x683.jpg\" alt=\"Camping Mer Sable Soleil : Kite Surfing \" class=\"wp-image-1330\" srcset=\"https:\/\/campingmunicipalcapleucate-mss.fr\/wp-content\/uploads\/2022\/02\/kite-surfing-g7be27390d_1920-1024x683.jpg 1024w, https:\/\/campingmunicipalcapleucate-mss.fr\/wp-content\/uploads\/2022\/02\/kite-surfing-g7be27390d_1920-300x200.jpg 300w, https:\/\/campingmunicipalcapleucate-mss.fr\/wp-content\/uploads\/2022\/02\/kite-surfing-g7be27390d_1920-768x512.jpg 768w, https:\/\/campingmunicipalcapleucate-mss.fr\/wp-content\/uploads\/2022\/02\/kite-surfing-g7be27390d_1920-1536x1024.jpg 1536w, https:\/\/campingmunicipalcapleucate-mss.fr\/wp-content\/uploads\/2022\/02\/kite-surfing-g7be27390d_1920.jpg 1920w\" sizes=\"(max-width: 1024px) 100vw, 1024px\" \/><\/figure>\n\n\n\n<h3 class=\"has-text-align-center has-secondaire-color has-text-color\" id=\"coupe-du-monde-gka-kitsurf\"><strong>GKA Kitsurf-Weltcup<\/strong><\/h3>\n\n\n\n<p><strong>Dieser globale Kitsurf-Wettbewerb bringt<\/strong> alle professionellen Kitsurf-Spieler in Leucate zusammen. Es gibt zwei Kategorien, eine f\u00fcr M\u00e4nner und eine f\u00fcr Frauen. Die Teilnehmer bewegen sich mit hoher Geschwindigkeit mit einem Ger\u00e4t, das sie in die Luft treibt. Die Show ist einfach au\u00dfergew\u00f6hnlich.<\/p>\n<\/div>\n\n\n\n<div class=\"wp-block-column card\">\n<figure class=\"wp-block-image size-large\"><img width=\"1024\" height=\"683\" src=\"https:\/\/campingmunicipalcapleucate-mss.fr\/wp-content\/uploads\/2022\/02\/pexels-mac-photo-7795510-1024x683.jpg\" alt=\"Camping Mer Sable Soleil : wingfoil\" class=\"wp-image-1341\" srcset=\"https:\/\/campingmunicipalcapleucate-mss.fr\/wp-content\/uploads\/2022\/02\/pexels-mac-photo-7795510-1024x683.jpg 1024w, https:\/\/campingmunicipalcapleucate-mss.fr\/wp-content\/uploads\/2022\/02\/pexels-mac-photo-7795510-300x200.jpg 300w, https:\/\/campingmunicipalcapleucate-mss.fr\/wp-content\/uploads\/2022\/02\/pexels-mac-photo-7795510-768x512.jpg 768w, https:\/\/campingmunicipalcapleucate-mss.fr\/wp-content\/uploads\/2022\/02\/pexels-mac-photo-7795510-1536x1024.jpg 1536w, https:\/\/campingmunicipalcapleucate-mss.fr\/wp-content\/uploads\/2022\/02\/pexels-mac-photo-7795510-2048x1365.jpg 2048w\" sizes=\"(max-width: 1024px) 100vw, 1024px\" \/><\/figure>\n\n\n\n<h3 class=\"has-text-align-center has-secondaire-color has-text-color\" id=\"coupe-du-monde-gwa-wingfoil\"><strong>GWA Wingfoil-Weltcup<\/strong><\/h3>\n\n\n\n<p><strong>Das Wingfoil<\/strong> ist die neueste Erg\u00e4nzung in der Windwelt. Es besteht darin, sich durch Gleiten auf einem mit einer Folie ausgestatteten Brett zu bewegen. Der Teilnehmer h\u00e4lt einen aufblasbaren Fl\u00fcgel, der verwendet wird, um ihn zu bewegen und in die H\u00f6he zu bringen.<\/p>\n<\/div>\n<\/div>\n<\/div><\/div>\n<\/div><\/div>\n\n\n\n<section class=\"wp-container-69ee799070ead wp-block-group\"><div class=\"wp-block-group__inner-container\">\n<div style=\"height:100px\" aria-hidden=\"true\" class=\"wp-block-spacer\"><\/div>\n\n\n\n<div class=\"wp-block-columns\">\n<div class=\"wp-block-column is-vertically-aligned-center\" style=\"flex-basis:30%\">\n<h2 id=\"le-village-de-la-glisse-1\"><strong>Das Schiebedorf<\/strong><\/h2>\n<\/div>\n\n\n\n<div class=\"wp-block-column\" style=\"flex-basis:70%\">\n<p class=\"has-principale-color has-text-color\" id=\"plusieurs-activites-divertissantes-et-ludiques-qui-meublent-le-mondial-du-vent-il-y-a-notamment\">Mehrere unterhaltsame und unterhaltsame Aktivit\u00e4ten, die das Mondial du Vent f\u00fcllen. Es sind insbesondere:<\/p>\n\n\n\n<div class=\"wp-block-columns picto-infos\">\n<div class=\"wp-block-column\" style=\"flex-basis:10%\">\n<p class=\"has-text-align-center\"><i class=\"fal fa-snowboarding\"><\/i><\/p>\n<\/div>\n\n\n\n<div class=\"wp-block-column is-vertically-aligned-center\" style=\"flex-basis:90%\">\n<p>Einf\u00fchrungskurse in <strong>Windsurfen<\/strong> , <strong>Surfen<\/strong> , <strong>Kitsurfen<\/strong> , <strong>Strandsegeln<\/strong><\/p>\n<\/div>\n<\/div>\n\n\n\n<div class=\"wp-block-columns picto-infos\">\n<div class=\"wp-block-column\" style=\"flex-basis:10%\">\n<p class=\"has-text-align-center\"><i class=\"fal fa-portal-enter\"><\/i><\/p>\n<\/div>\n\n\n\n<div class=\"wp-block-column is-vertically-aligned-center\" style=\"flex-basis:80%\">\n<p><strong>P\u00e4dagogische Workshops<\/strong> , <strong>Spiele<\/strong> und viele andere interessante Aktivit\u00e4ten<\/p>\n<\/div>\n<\/div>\n\n\n\n<div class=\"wp-block-columns picto-infos\">\n<div class=\"wp-block-column\" style=\"flex-basis:10%\">\n<p class=\"has-text-align-center\"><i class=\"fal fa-glass-cheers\"><\/i><\/p>\n<\/div>\n\n\n\n<div class=\"wp-block-column is-vertically-aligned-center\" style=\"flex-basis:90%\">\n<p><strong>Parteien<\/strong><\/p>\n<\/div>\n<\/div>\n\n\n\n<p>All diese Aktivit\u00e4ten sind interessant, um sie mit Familie oder Freunden zu verfolgen. F\u00fcr die Ausgabe 2021 findet der Wettbewerb vom 26. April bis 1. Mai statt.<\/p>\n<\/div>\n<\/div>\n<\/div><\/section>\n","protected":false},"excerpt":{"rendered":"<p>Seit 1996 ist die Stadt Leucate die Hauptstadt des Gleitsports durch die Windwelt. Diese internationale Veranstaltung findet jedes Jahr in Leucate la Franqui statt. Mehrere Wettbewerbe stehen im Rampenlicht: Windsurfen, Kitesurfen und die brandneue Disziplin Wingfoil. Das Mondial du Vent ist auch eine Vielzahl von Aktivit\u00e4ten mit dem Sliding Village. Sportwettk\u00e4mpfe beim Mondial du Vent [&hellip;]<\/p>\n","protected":false},"author":1,"featured_media":0,"parent":0,"menu_order":0,"comment_status":"closed","ping_status":"closed","template":"","meta":[],"acf":[],"_links":{"self":[{"href":"https:\/\/campingmunicipalcapleucate-mss.fr\/de\/wp-json\/wp\/v2\/pages\/2058"}],"collection":[{"href":"https:\/\/campingmunicipalcapleucate-mss.fr\/de\/wp-json\/wp\/v2\/pages"}],"about":[{"href":"https:\/\/campingmunicipalcapleucate-mss.fr\/de\/wp-json\/wp\/v2\/types\/page"}],"author":[{"embeddable":true,"href":"https:\/\/campingmunicipalcapleucate-mss.fr\/de\/wp-json\/wp\/v2\/users\/1"}],"replies":[{"embeddable":true,"href":"https:\/\/campingmunicipalcapleucate-mss.fr\/de\/wp-json\/wp\/v2\/comments?post=2058"}],"version-history":[{"count":4,"href":"https:\/\/campingmunicipalcapleucate-mss.fr\/de\/wp-json\/wp\/v2\/pages\/2058\/revisions"}],"predecessor-version":[{"id":3748,"href":"https:\/\/campingmunicipalcapleucate-mss.fr\/de\/wp-json\/wp\/v2\/pages\/2058\/revisions\/3748"}],"wp:attachment":[{"href":"https:\/\/campingmunicipalcapleucate-mss.fr\/de\/wp-json\/wp\/v2\/media?parent=2058"}],"curies":[{"name":"wp","href":"https:\/\/api.w.org\/{rel}","templated":true}]}}