{"id":2073,"date":"2022-05-31T15:09:57","date_gmt":"2022-05-31T13:09:57","guid":{"rendered":"https:\/\/campingmunicipalcapleucate-mss.fr\/wanderungen-leucate\/"},"modified":"2022-05-31T15:09:58","modified_gmt":"2022-05-31T13:09:58","slug":"wanderungen-leucate","status":"publish","type":"page","link":"https:\/\/campingmunicipalcapleucate-mss.fr\/de\/wanderungen-leucate\/","title":{"rendered":"Wanderungen Leucate"},"content":{"rendered":"\n<div class=\"wp-block-cover ms-100-b\"><span aria-hidden=\"true\" class=\"has-background-dim-40 wp-block-cover__gradient-background has-background-dim\"><\/span><img width=\"1920\" height=\"1080\" class=\"wp-block-cover__image-background wp-image-323\" alt=\"\" src=\"https:\/\/campingmunicipalcapleucate-mss.fr\/wp-content\/uploads\/2022\/01\/Rectangle-1-1.jpg\" data-object-fit=\"cover\" srcset=\"https:\/\/campingmunicipalcapleucate-mss.fr\/wp-content\/uploads\/2022\/01\/Rectangle-1-1.jpg 1920w, https:\/\/campingmunicipalcapleucate-mss.fr\/wp-content\/uploads\/2022\/01\/Rectangle-1-1-300x169.jpg 300w, https:\/\/campingmunicipalcapleucate-mss.fr\/wp-content\/uploads\/2022\/01\/Rectangle-1-1-1024x576.jpg 1024w, https:\/\/campingmunicipalcapleucate-mss.fr\/wp-content\/uploads\/2022\/01\/Rectangle-1-1-768x432.jpg 768w, https:\/\/campingmunicipalcapleucate-mss.fr\/wp-content\/uploads\/2022\/01\/Rectangle-1-1-1536x864.jpg 1536w\" sizes=\"(max-width: 1920px) 100vw, 1920px\" \/><div class=\"wp-block-cover__inner-container\">\n<h1 class=\"has-text-align-center\" id=\"les-randonnees-depuis-leucate\"><strong><strong><strong>Wanderungen von Leucate<\/strong><\/strong><\/strong><\/h1>\n<\/div><\/div>\n\n<section class=\"wp-container-69ee7990f3eca wp-block-group ms-90-a has-fond-background-color has-background\"><div class=\"wp-block-group__inner-container\">\n<p class=\"has-text-align-center\">Wandern ist eine gro\u00dfartige M\u00f6glichkeit, die Natur zu erkunden und sich zu bewegen. Von unserem <a href=\"https:\/\/campingmunicipalcapleucate-mss.fr\/de\/\">Campingplatz in Leucate<\/a> aus k\u00f6nnen Sie je nach Jahreszeit und Erfahrung viele Outdoor-Aktivit\u00e4ten und vor <strong>allem viele Wanderungen<\/strong> unternehmen. Leucate, eine kleine Stadt im Herzen des <a href=\"https:\/\/campingmunicipalcapleucate-mss.fr\/de\/umfeld\/\">Departements Aude<\/a> , an den Ufern des Mittelmeers, hat viele Wanderwege, von denen einige auf den H\u00f6hen der Meeresklippen liegen, was Ihren Spaziergang noch angenehmer macht. <\/p>\n\n\n\n<div style=\"height:60px\" aria-hidden=\"true\" class=\"wp-block-spacer\"><\/div>\n<\/div><\/section>\n\n<div class=\"wp-container-69ee799100494 wp-block-group ms-70-a has-fond-background-color has-background\"><div class=\"wp-block-group__inner-container\">\n<div class=\"wp-container-69ee7991001e4 wp-block-group listing-card\"><div class=\"wp-block-group__inner-container\">\n<div class=\"wp-block-columns\">\n<div class=\"wp-block-column card\">\n<figure class=\"wp-block-image size-large\"><img width=\"1024\" height=\"682\" src=\"https:\/\/campingmunicipalcapleucate-mss.fr\/wp-content\/uploads\/2022\/02\/carcassonne-g417d85fb3_1920-1024x682.jpg\" alt=\"Camping Mer Sable Soleil: Carcassonne G417d85fb3 1920\" class=\"wp-image-1467\" srcset=\"https:\/\/campingmunicipalcapleucate-mss.fr\/wp-content\/uploads\/2022\/02\/carcassonne-g417d85fb3_1920-1024x682.jpg 1024w, https:\/\/campingmunicipalcapleucate-mss.fr\/wp-content\/uploads\/2022\/02\/carcassonne-g417d85fb3_1920-300x200.jpg 300w, https:\/\/campingmunicipalcapleucate-mss.fr\/wp-content\/uploads\/2022\/02\/carcassonne-g417d85fb3_1920-768x512.jpg 768w, https:\/\/campingmunicipalcapleucate-mss.fr\/wp-content\/uploads\/2022\/02\/carcassonne-g417d85fb3_1920-1536x1023.jpg 1536w, https:\/\/campingmunicipalcapleucate-mss.fr\/wp-content\/uploads\/2022\/02\/carcassonne-g417d85fb3_1920.jpg 1920w\" sizes=\"(max-width: 1024px) 100vw, 1024px\" \/><\/figure>\n\n\n<h2 class=\"has-text-align-center no-before has-secondaire-color has-text-color has-medium-font-size\" id=\"le-sentier-du-guetteur-a-leucate\"><strong>Der W\u00e4chterweg in Leucate<\/strong><\/h2>\n\n\n\n<p>Dieser Weg ist etwas weniger als 10 km lang und geh\u00f6rt zum Parcours des Kulturerbes des Regionalparks Narbonnaise im Mittelmeerraum. Der Wachturmpfad bietet ein unglaubliches Panorama auf die <strong>Klippen von Leucate<\/strong> . Wanderer werden besonders die atemberaubende Aussicht auf das Mittelmeer und die verschiedenen Str\u00e4nde des Badeortes wie <strong>Les Coussoules, <a href=\"https:\/\/campingmunicipalcapleucate-mss.fr\/alentours\/la-franqui\/\">La Franqui<\/a> , La Plagette<\/strong> usw. zu sch\u00e4tzen wissen. Wenn die nat\u00fcrliche Sch\u00f6nheit der Landschaften auff\u00e4llt, ist der Sentier du Guetteur mit verschiedenen Ruinen und mehreren Geb\u00e4uden \u00fcbers\u00e4t, die im 18. Jahrhundert unter Ludwig XIV. Erbaut wurden, was ihn auch zu einem interessanten historischen Spaziergang macht.<\/p>\n<\/div>\n\n\n\n<div class=\"wp-block-column card\">\n<figure class=\"wp-block-image size-large\"><img width=\"1024\" height=\"683\" src=\"https:\/\/campingmunicipalcapleucate-mss.fr\/wp-content\/uploads\/2022\/02\/vineyard-g7e4a5f1c1_1920-1024x683.jpg\" alt=\"Camping Mer Sable Soleil: Weinberg G7e4a5f1c1 1920\" class=\"wp-image-1481\" srcset=\"https:\/\/campingmunicipalcapleucate-mss.fr\/wp-content\/uploads\/2022\/02\/vineyard-g7e4a5f1c1_1920-1024x683.jpg 1024w, https:\/\/campingmunicipalcapleucate-mss.fr\/wp-content\/uploads\/2022\/02\/vineyard-g7e4a5f1c1_1920-300x200.jpg 300w, https:\/\/campingmunicipalcapleucate-mss.fr\/wp-content\/uploads\/2022\/02\/vineyard-g7e4a5f1c1_1920-768x512.jpg 768w, https:\/\/campingmunicipalcapleucate-mss.fr\/wp-content\/uploads\/2022\/02\/vineyard-g7e4a5f1c1_1920-1536x1024.jpg 1536w, https:\/\/campingmunicipalcapleucate-mss.fr\/wp-content\/uploads\/2022\/02\/vineyard-g7e4a5f1c1_1920.jpg 1920w\" sizes=\"(max-width: 1024px) 100vw, 1024px\" \/><\/figure>\n\n\n<h2 class=\"has-text-align-center no-before has-secondaire-color has-text-color has-medium-font-size\" id=\"zone-2-spot-de-la-passe\"><strong>Der Hirtenweg in Leucate <\/strong><\/h2>\n\n\n\n<p>Dieser Rundwanderweg in der Stadt Leucate ist etwa 7 Kilometer lang und entspricht etwas weniger als 3 Stunden Gehzeit. Der Berger-Pfad ist f\u00fcr Wanderer aller Schwierigkeitsgrade zug\u00e4nglich und sehr gut markiert. Er wechselt zwischen Olivenhainen, Pfirsichb\u00e4umen, atemberaubenden Ausblicken auf die Weinberge und Mandelb\u00e4ume, genug, um die D\u00fcfte zu genie\u00dfen, w\u00e4hrend er der Leucatoise-K\u00fcste folgt.<\/p>\n<\/div>\n<\/div>\n\n\n\n<div style=\"height:40px\" aria-hidden=\"true\" class=\"wp-block-spacer\"><\/div>\n\n\n\n<div class=\"wp-block-columns\">\n<div class=\"wp-block-column card\">\n<figure class=\"wp-block-image size-large\"><img width=\"1024\" height=\"683\" src=\"https:\/\/campingmunicipalcapleucate-mss.fr\/wp-content\/uploads\/2022\/02\/austin-ban-juHayWuaaoQ-unsplash-1024x683.jpg\" alt=\"Camping Mer Sable Soleil : Austin Ban Juhaywuaaoq Unsplash\" class=\"wp-image-1473\" srcset=\"https:\/\/campingmunicipalcapleucate-mss.fr\/wp-content\/uploads\/2022\/02\/austin-ban-juHayWuaaoQ-unsplash-1024x683.jpg 1024w, https:\/\/campingmunicipalcapleucate-mss.fr\/wp-content\/uploads\/2022\/02\/austin-ban-juHayWuaaoQ-unsplash-300x200.jpg 300w, https:\/\/campingmunicipalcapleucate-mss.fr\/wp-content\/uploads\/2022\/02\/austin-ban-juHayWuaaoQ-unsplash-768x512.jpg 768w, https:\/\/campingmunicipalcapleucate-mss.fr\/wp-content\/uploads\/2022\/02\/austin-ban-juHayWuaaoQ-unsplash-1536x1024.jpg 1536w, https:\/\/campingmunicipalcapleucate-mss.fr\/wp-content\/uploads\/2022\/02\/austin-ban-juHayWuaaoQ-unsplash-2048x1365.jpg 2048w\" sizes=\"(max-width: 1024px) 100vw, 1024px\" \/><\/figure>\n\n\n<h2 class=\"has-text-align-center no-before has-secondaire-color has-text-color has-medium-font-size\" id=\"zone-2-spot-de-la-passe\"><strong>Der Fischerweg in Leucate <\/strong><\/h2>\n\n\n\n<p>Nehmen Sie sich etwa 2 Stunden Zeit, um <strong>den Fischerpfad zur\u00fcckzulegen<\/strong> . Mit einem leichten H\u00f6henunterschied ist diese Wanderung ideal f\u00fcr Familien und bietet sch\u00f6ne Ausblicke auf die Teiche von Leucate. Dar\u00fcber hinaus f\u00fchrt Sie diese Schleife zum Fu\u00df des Schlosses von Leucate, genug, um die lokale Kultur zu genie\u00dfen, w\u00e4hrend Sie die Sonne der Aude genie\u00dfen.<\/p>\n<\/div>\n\n\n\n<div class=\"wp-block-column card\">\n<figure class=\"wp-block-image size-large\"><img width=\"1024\" height=\"683\" src=\"https:\/\/campingmunicipalcapleucate-mss.fr\/wp-content\/uploads\/2022\/02\/antoine-demare-wM9iR8b2erE-unsplash-1024x683.jpg\" alt=\"Camping Mer Sable Soleil : Antoine Demare Wm9ir8b2ere Unsplash\" class=\"wp-image-1383\" srcset=\"https:\/\/campingmunicipalcapleucate-mss.fr\/wp-content\/uploads\/2022\/02\/antoine-demare-wM9iR8b2erE-unsplash-1024x683.jpg 1024w, https:\/\/campingmunicipalcapleucate-mss.fr\/wp-content\/uploads\/2022\/02\/antoine-demare-wM9iR8b2erE-unsplash-300x200.jpg 300w, https:\/\/campingmunicipalcapleucate-mss.fr\/wp-content\/uploads\/2022\/02\/antoine-demare-wM9iR8b2erE-unsplash-768x512.jpg 768w, https:\/\/campingmunicipalcapleucate-mss.fr\/wp-content\/uploads\/2022\/02\/antoine-demare-wM9iR8b2erE-unsplash-1536x1024.jpg 1536w, https:\/\/campingmunicipalcapleucate-mss.fr\/wp-content\/uploads\/2022\/02\/antoine-demare-wM9iR8b2erE-unsplash-2048x1365.jpg 2048w\" sizes=\"(max-width: 1024px) 100vw, 1024px\" \/><\/figure>\n\n\n<h2 class=\"has-text-align-center no-before has-secondaire-color has-text-color has-medium-font-size\" id=\"leucate-le-phare\"><strong>Leucate den Leuchtturm<\/strong><\/h2>\n\n\n\n<p>Herrliche Wanderung auf den H\u00f6hen von Leucate und ohne gro\u00dfe Schwierigkeiten, was es zu einem angenehmen Familienspaziergang macht. Entlang der Klippen und mit Blick auf das Mittelmeer bietet dieser Weg sicherlich eines der sch\u00f6nsten Panoramen der Region. Die Wanderung beginnt am Fu\u00dfe des Leuchtturms von Leucate und verspricht Ihnen beeindruckende Landschaften. Bringen Sie jedoch gutes Schuhwerk mit, da der Weg sehr steinig ist. <\/p>\n<\/div>\n<\/div>\n<\/div><\/div>\n<\/div><\/div>\n\n<div class=\"wp-container-69ee799100787 wp-block-group ms-30-a\"><div class=\"wp-block-group__inner-container\">\n<div style=\"height:80px\" aria-hidden=\"true\" class=\"wp-block-spacer\"><\/div>\n\n\n\n<p class=\"has-text-align-center has-principale-color has-text-color\">Vergessen Sie w\u00e4hrend Ihres Ausflugs nicht, Ihre Vorsichtsma\u00dfnahmen zu treffen: Planen Sie Ihre Ausfl\u00fcge immer im Voraus, indem Sie insbesondere die Wetterbedingungen \u00fcberwachen, tragen Sie geeignete Kleidung und insbesondere geeignete Schuhe und trinken Sie schlie\u00dflich regelm\u00e4\u00dfig.<\/p>\n<\/div><\/div>\n","protected":false},"excerpt":{"rendered":"<p>Wandern ist eine gro\u00dfartige M\u00f6glichkeit, die Natur zu erkunden und sich zu bewegen. Von unserem Campingplatz in Leucate aus k\u00f6nnen Sie je nach Jahreszeit und Erfahrung viele Outdoor-Aktivit\u00e4ten und vor allem viele Wanderungen unternehmen. Leucate, eine kleine Stadt im Herzen des Departements Aude , an den Ufern des Mittelmeers, hat viele Wanderwege, von denen einige [&hellip;]<\/p>\n","protected":false},"author":1,"featured_media":0,"parent":0,"menu_order":0,"comment_status":"closed","ping_status":"closed","template":"","meta":[],"acf":[],"_links":{"self":[{"href":"https:\/\/campingmunicipalcapleucate-mss.fr\/de\/wp-json\/wp\/v2\/pages\/2073"}],"collection":[{"href":"https:\/\/campingmunicipalcapleucate-mss.fr\/de\/wp-json\/wp\/v2\/pages"}],"about":[{"href":"https:\/\/campingmunicipalcapleucate-mss.fr\/de\/wp-json\/wp\/v2\/types\/page"}],"author":[{"embeddable":true,"href":"https:\/\/campingmunicipalcapleucate-mss.fr\/de\/wp-json\/wp\/v2\/users\/1"}],"replies":[{"embeddable":true,"href":"https:\/\/campingmunicipalcapleucate-mss.fr\/de\/wp-json\/wp\/v2\/comments?post=2073"}],"version-history":[{"count":3,"href":"https:\/\/campingmunicipalcapleucate-mss.fr\/de\/wp-json\/wp\/v2\/pages\/2073\/revisions"}],"predecessor-version":[{"id":2076,"href":"https:\/\/campingmunicipalcapleucate-mss.fr\/de\/wp-json\/wp\/v2\/pages\/2073\/revisions\/2076"}],"wp:attachment":[{"href":"https:\/\/campingmunicipalcapleucate-mss.fr\/de\/wp-json\/wp\/v2\/media?parent=2073"}],"curies":[{"name":"wp","href":"https:\/\/api.w.org\/{rel}","templated":true}]}}