{"id":2081,"date":"2022-05-31T15:10:34","date_gmt":"2022-05-31T13:10:34","guid":{"rendered":"https:\/\/campingmunicipalcapleucate-mss.fr\/dienstleistungen\/"},"modified":"2026-03-06T14:25:15","modified_gmt":"2026-03-06T13:25:15","slug":"dienstleistungen","status":"publish","type":"page","link":"https:\/\/campingmunicipalcapleucate-mss.fr\/de\/dienstleistungen\/","title":{"rendered":"Dienstleistungen"},"content":{"rendered":"\n<div class=\"wp-block-cover is-light ms-100-b\"><span aria-hidden=\"true\" class=\"has-background-dim-40 wp-block-cover__gradient-background has-background-dim\"><\/span><img width=\"1920\" height=\"1080\" class=\"wp-block-cover__image-background wp-image-323\" alt=\"\" src=\"https:\/\/campingmunicipalcapleucate-mss.fr\/wp-content\/uploads\/2022\/01\/Rectangle-1-1.jpg\" data-object-fit=\"cover\" srcset=\"https:\/\/campingmunicipalcapleucate-mss.fr\/wp-content\/uploads\/2022\/01\/Rectangle-1-1.jpg 1920w, https:\/\/campingmunicipalcapleucate-mss.fr\/wp-content\/uploads\/2022\/01\/Rectangle-1-1-300x169.jpg 300w, https:\/\/campingmunicipalcapleucate-mss.fr\/wp-content\/uploads\/2022\/01\/Rectangle-1-1-1024x576.jpg 1024w, https:\/\/campingmunicipalcapleucate-mss.fr\/wp-content\/uploads\/2022\/01\/Rectangle-1-1-768x432.jpg 768w, https:\/\/campingmunicipalcapleucate-mss.fr\/wp-content\/uploads\/2022\/01\/Rectangle-1-1-1536x864.jpg 1536w\" sizes=\"(max-width: 1920px) 100vw, 1920px\" \/><div class=\"wp-block-cover__inner-container\">\n<h1 class=\"has-text-align-center has-blanc-color has-text-color\" id=\"camping-3-etoiles-languedoc-roussillon-a-leucate-pres-de-port-leucate-avec-des-services-de-qualite\"><strong><strong><strong><strong>3-Sterne-Camping Languedoc Roussillon <\/strong><\/strong><\/strong><\/strong><br><strong><strong><strong><strong>in Leucate (in der N\u00e4he von Port Leucate)<\/strong><\/strong><\/strong><\/strong><br><strong><strong><strong><strong>mit hochwertigen Dienstleistungen<\/strong><\/strong><\/strong><\/strong><\/h1>\n<\/div><\/div>\n\n\n\n<section class=\"wp-container-69ee65698daa9 wp-block-group ms-40-a\"><div class=\"wp-block-group__inner-container\">\n<div style=\"height:69px\" aria-hidden=\"true\" class=\"wp-block-spacer\"><\/div>\n\n\n\n<div class=\"wp-block-columns\">\n<div class=\"wp-block-column galerie\" style=\"flex-basis:60%\">\n<div class=\"wp-block-columns\">\n<div class=\"wp-block-column\">\n<figure class=\"wp-block-image size-full\"><img width=\"960\" height=\"720\" src=\"https:\/\/campingmunicipalcapleucate-mss.fr\/wp-content\/uploads\/2022\/02\/241731551_384913276347718_8660638111002181683_n.jpg\" alt=\"Camping Mer Sable Soleil: 241731551 384913276347718 8660638111002181683 N\" class=\"wp-image-1053\" srcset=\"https:\/\/campingmunicipalcapleucate-mss.fr\/wp-content\/uploads\/2022\/02\/241731551_384913276347718_8660638111002181683_n.jpg 960w, https:\/\/campingmunicipalcapleucate-mss.fr\/wp-content\/uploads\/2022\/02\/241731551_384913276347718_8660638111002181683_n-300x225.jpg 300w, https:\/\/campingmunicipalcapleucate-mss.fr\/wp-content\/uploads\/2022\/02\/241731551_384913276347718_8660638111002181683_n-768x576.jpg 768w\" sizes=\"(max-width: 960px) 100vw, 960px\" \/><\/figure>\n\n\n\n<figure class=\"wp-block-image size-full\"><img width=\"640\" height=\"1024\" src=\"https:\/\/campingmunicipalcapleucate-mss.fr\/wp-content\/uploads\/2022\/05\/la-franqui-vue-depuis-falaise-leucate-640x1024-1.jpeg\" alt=\"\" class=\"wp-image-1878\" srcset=\"https:\/\/campingmunicipalcapleucate-mss.fr\/wp-content\/uploads\/2022\/05\/la-franqui-vue-depuis-falaise-leucate-640x1024-1.jpeg 640w, https:\/\/campingmunicipalcapleucate-mss.fr\/wp-content\/uploads\/2022\/05\/la-franqui-vue-depuis-falaise-leucate-640x1024-1-188x300.jpeg 188w\" sizes=\"(max-width: 640px) 100vw, 640px\" \/><\/figure>\n<\/div>\n\n\n\n<div class=\"wp-block-column\">\n<p class=\"has-principale-color has-text-color\"><a href=\"https:\/\/campingmunicipalcapleucate-mss.fr\/de\/leucate-webcam-wetter\/\" data-type=\"page\" data-id=\"418\"><i class=\"fal fa-webcam\"><\/i> Siehe das Wetter<\/a><\/p>\n\n\n\n<figure class=\"wp-block-image size-large\"><img width=\"1024\" height=\"576\" src=\"https:\/\/campingmunicipalcapleucate-mss.fr\/wp-content\/uploads\/2022\/02\/119887859_3539895442716920_5690693796190467902_n-1024x576.jpg\" alt=\"Camping Mer Sable Soleil: 119887859 3539895442716920 5690693796190467902 N\" class=\"wp-image-1109\" srcset=\"https:\/\/campingmunicipalcapleucate-mss.fr\/wp-content\/uploads\/2022\/02\/119887859_3539895442716920_5690693796190467902_n-1024x576.jpg 1024w, https:\/\/campingmunicipalcapleucate-mss.fr\/wp-content\/uploads\/2022\/02\/119887859_3539895442716920_5690693796190467902_n-300x169.jpg 300w, https:\/\/campingmunicipalcapleucate-mss.fr\/wp-content\/uploads\/2022\/02\/119887859_3539895442716920_5690693796190467902_n-768x432.jpg 768w, https:\/\/campingmunicipalcapleucate-mss.fr\/wp-content\/uploads\/2022\/02\/119887859_3539895442716920_5690693796190467902_n.jpg 1440w\" sizes=\"(max-width: 1024px) 100vw, 1024px\" \/><\/figure>\n\n\n\n<figure class=\"wp-block-image size-full\"><img width=\"276\" height=\"324\" src=\"https:\/\/campingmunicipalcapleucate-mss.fr\/wp-content\/uploads\/2022\/01\/Rectangle-26.jpg\" alt=\"\" class=\"wp-image-383\" srcset=\"https:\/\/campingmunicipalcapleucate-mss.fr\/wp-content\/uploads\/2022\/01\/Rectangle-26.jpg 276w, https:\/\/campingmunicipalcapleucate-mss.fr\/wp-content\/uploads\/2022\/01\/Rectangle-26-256x300.jpg 256w\" sizes=\"(max-width: 276px) 100vw, 276px\" \/><\/figure>\n<\/div>\n\n\n\n<div class=\"wp-block-column is-vertically-aligned-bottom\">\n<figure class=\"wp-block-image size-large\"><img width=\"1024\" height=\"683\" src=\"https:\/\/campingmunicipalcapleucate-mss.fr\/wp-content\/uploads\/2024\/10\/AdobeStock_615066678-1-1024x683.jpeg\" alt=\"\" class=\"wp-image-4713\" srcset=\"https:\/\/campingmunicipalcapleucate-mss.fr\/wp-content\/uploads\/2024\/10\/AdobeStock_615066678-1-1024x683.jpeg 1024w, https:\/\/campingmunicipalcapleucate-mss.fr\/wp-content\/uploads\/2024\/10\/AdobeStock_615066678-1-300x200.jpeg 300w, https:\/\/campingmunicipalcapleucate-mss.fr\/wp-content\/uploads\/2024\/10\/AdobeStock_615066678-1-768x512.jpeg 768w, https:\/\/campingmunicipalcapleucate-mss.fr\/wp-content\/uploads\/2024\/10\/AdobeStock_615066678-1-1536x1024.jpeg 1536w, https:\/\/campingmunicipalcapleucate-mss.fr\/wp-content\/uploads\/2024\/10\/AdobeStock_615066678-1-2048x1365.jpeg 2048w\" sizes=\"(max-width: 1024px) 100vw, 1024px\" \/><\/figure>\n\n\n\n<p class=\"has-principale-color has-text-color\"><a href=\"https:\/\/campingmunicipalcapleucate-mss.fr\/de\/fotogallerie\/\" data-type=\"page\" data-id=\"426\"><i class=\"fal fa-camera-alt\"><\/i> Siehe Fotos und Videos<\/a><\/p>\n<\/div>\n<\/div>\n<\/div>\n\n\n\n<div class=\"wp-block-column\" style=\"flex-basis:40%\">\n<h2 id=\"des-services-a-la-disposition-de-vos-vacances-dans-votre-camping-3-etoiles-languedoc-roussillon\">Dienstleistungen f\u00fcr Ihren Urlaub auf Ihrem 3-Sterne-Campingplatz im Languedoc-Roussillon<\/h2>\n\n\n\n<p><strong>Br\u00e4unungs-<\/strong> , <strong>Entspannungs-<\/strong> <strong>oder Sporturlaub<\/strong> , SEA SAND SUN ein Team, ein Empfang, Beratung.<\/p>\n\n\n\n<p>Unser <strong>Campingplatz Aude am Meer<\/strong> hei\u00dft Sie <strong>in der Saison<\/strong> willkommen :<\/p>\n\n\n\n<ul><li>Montag bis Freitag 9.00 bis 13.00 Uhr und 16.00 bis 20.00 Uhr<\/li><li>Samstag 7:30 bis 12:00 und 14:00 bis 20:00<\/li><li>Sonntag 9.00 bis 13.00 Uhr und 16.00 bis 20.00 Uhr<\/li><\/ul>\n<\/div>\n<\/div>\n\n\n\n<div style=\"height:130px\" aria-hidden=\"true\" class=\"wp-block-spacer\"><\/div>\n<\/div><\/section>\n\n\n\n<section class=\"wp-container-69ee65698ddeb wp-block-group ms-70-c has-fond-background-color has-background\"><div class=\"wp-block-group__inner-container\">\n<h3 class=\"has-text-align-center has-principale-color has-text-color\" id=\"a-l-interieur-du-camping-mer-sable-soleil-vous-trouverez-tout-pour-passer-d-agreables-vacances-a-la-mer-dans-l-aude\">Auf dem Campingplatz MER SABLE SOLEIL, <br>In der Aude finden Sie alles, um einen angenehmen Urlaub am Meer zu verbringen:<\/h3>\n\n\n\n<ul><li><i class=\"fal fa-treasure-chest\"><\/i> <strong>Individuelle Aufbewahrungsbox<\/strong><\/li><li><i class=\"fal fa-shower\"><\/i> <strong>Sp\u00fclbereich<\/strong><\/li><li><i class=\"fal fa-dice\"><\/i> Spielzimmer<\/li><li><i class=\"fal fa-wifi\"><\/i> <strong>Kostenloses WIFI auf dem gesamten Campingplatz <\/strong><\/li><li><i class=\"fal fa-tree-palm\"><\/i> Spielplatz f\u00fcr Kinder<\/li><li><i class=\"fal fa-dryer-alt\"><\/i> Waschk\u00fcche mit Waschmaschine, Trockner, B\u00fcgelbrett<\/li><li><i class=\"fal fa-baseball-ball\"><\/i> Petanque-Kegelbahn<\/li><li><i class=\"fal fa-table-tennis\"><\/i> Tischtennis<\/li><li><i class=\"fal fa-shish-kebab\"><\/i> Gemeinsames Grillen<\/li><li><i class=\"fal fa-wheelchair\"><\/i> Behindertengerechte Sanit\u00e4ranlagen<\/li><li><i class=\"fal fa-map-marked-alt\"><\/i> Dokumentation und Beratung zur Umgebung des Campingplatzes<\/li><li><i class=\"fal fa-hiking\"><\/i> Fu\u00dfg\u00e4nger-, Mountainbike- oder Autoroute<\/li><li><i class=\"fal fa-golf-ball\"><\/i> <strong>Minigolf<\/strong><\/li><\/ul>\n<\/div><\/section>\n\n\n\n<section class=\"wp-container-69ee65698e11e wp-block-group ms-80-a\"><div class=\"wp-block-group__inner-container\">\n<div style=\"height:130px\" aria-hidden=\"true\" class=\"wp-block-spacer\"><\/div>\n\n\n\n<div class=\"wp-block-columns\">\n<div class=\"wp-block-column is-vertically-aligned-top\">\n<figure class=\"wp-block-image size-large\"><a href=\"https:\/\/campingmunicipalcapleucate-mss.fr\/de\/leucate-webcam-wetter\/\"><img width=\"1024\" height=\"576\" src=\"https:\/\/campingmunicipalcapleucate-mss.fr\/wp-content\/uploads\/2022\/02\/plage-bateaux-1024x576.jpg\" alt=\"Campingplatz Mer Sable Soleil: Strandboote\" class=\"wp-image-1023\" srcset=\"https:\/\/campingmunicipalcapleucate-mss.fr\/wp-content\/uploads\/2022\/02\/plage-bateaux-1024x576.jpg 1024w, https:\/\/campingmunicipalcapleucate-mss.fr\/wp-content\/uploads\/2022\/02\/plage-bateaux-300x169.jpg 300w, https:\/\/campingmunicipalcapleucate-mss.fr\/wp-content\/uploads\/2022\/02\/plage-bateaux-768x432.jpg 768w, https:\/\/campingmunicipalcapleucate-mss.fr\/wp-content\/uploads\/2022\/02\/plage-bateaux-1536x864.jpg 1536w, https:\/\/campingmunicipalcapleucate-mss.fr\/wp-content\/uploads\/2022\/02\/plage-bateaux-2048x1152.jpg 2048w\" sizes=\"(max-width: 1024px) 100vw, 1024px\" \/><\/a><figcaption><a href=\"https:\/\/campingmunicipalcapleucate-mss.fr\/de\/leucate-webcam-wetter\/\" data-type=\"page\" data-id=\"418\">Wetterstation, Webcam am Strand<\/a><\/figcaption><\/figure>\n<\/div>\n\n\n\n<div class=\"wp-block-column is-vertically-aligned-bottom\">\n<figure class=\"wp-block-image size-large\"><a href=\"https:\/\/campingmunicipalcapleucate-mss.fr\/de\/scheinwerfer\/\"><img width=\"1024\" height=\"682\" src=\"https:\/\/campingmunicipalcapleucate-mss.fr\/wp-content\/uploads\/2022\/02\/aile-kite-plage-1024x682.jpg\" alt=\"Campingplatz Mer Sable Soleil: Kite Beach Fl\u00fcgel\" class=\"wp-image-989\" srcset=\"https:\/\/campingmunicipalcapleucate-mss.fr\/wp-content\/uploads\/2022\/02\/aile-kite-plage-1024x682.jpg 1024w, https:\/\/campingmunicipalcapleucate-mss.fr\/wp-content\/uploads\/2022\/02\/aile-kite-plage-300x200.jpg 300w, https:\/\/campingmunicipalcapleucate-mss.fr\/wp-content\/uploads\/2022\/02\/aile-kite-plage-768x512.jpg 768w, https:\/\/campingmunicipalcapleucate-mss.fr\/wp-content\/uploads\/2022\/02\/aile-kite-plage-1536x1024.jpg 1536w, https:\/\/campingmunicipalcapleucate-mss.fr\/wp-content\/uploads\/2022\/02\/aile-kite-plage.jpg 1772w\" sizes=\"(max-width: 1024px) 100vw, 1024px\" \/><\/a><figcaption><a href=\"https:\/\/campingmunicipalcapleucate-mss.fr\/de\/scheinwerfer\/\" data-type=\"page\" data-id=\"406\">Spot-Karte<\/a><\/figcaption><\/figure>\n<\/div>\n<\/div>\n\n\n\n<div style=\"height:100px\" aria-hidden=\"true\" class=\"wp-block-spacer\"><\/div>\n<\/div><\/section>\n\n\n\n<section class=\"wp-container-69ee65698e76e wp-block-group ms-50-a\"><div class=\"wp-block-group__inner-container\">\n<div class=\"wp-block-columns\">\n<div class=\"wp-block-column is-vertically-aligned-center\">\n<h3 class=\"has-principale-color has-text-color\" id=\"votre-camping-3-etoiles-languedoc-roussillon-pas-cher-a-aussi-pense-a-vos-bebes\">Ihr preiswerter 3-Sterne-Campingplatz Languedoc Roussillon hat auch an Ihre Babys gedacht<\/h3>\n\n\n\n<p><strong>Eltern eines Babys<\/strong> , Neugeborenen, Kleinkinder, unser Campingplatz hat auch an Sie gedacht und bietet Ihnen die M\u00f6glichkeit, <strong>Babybetten<\/strong> , <strong>Hochst\u00fchle<\/strong> und <strong>Badewannen<\/strong> zu mieten.<br>Wenn Sie sich f\u00fcr den Campingplatz Mer Sable et Soleil entscheiden, k\u00f6nnen Sie das Licht verlassen.<\/p>\n\n\n\n<p><em>M\u00f6glichkeit, Bettw\u00e4sche, Handt\u00fccher, Liegestuhl und Fernseher f\u00fcr Ihre Campingreservierung in Aude zu mieten.<\/em><\/p>\n\n\n\n<div class=\"wp-container-69ee65698e424 wp-block-buttons\">\n<div class=\"wp-block-button\"><a class=\"wp-block-button__link has-secondaire-background-color has-background\" href=\"https:\/\/campingmunicipalcapleucate-mss.fr\/wp-content\/uploads\/2022\/01\/SERVICES-2020.pdf\" target=\"_blank\" rel=\"noreferrer noopener\">Konsultieren Sie die Preise der Dienstleistungen<\/a><\/div>\n<\/div>\n<\/div>\n\n\n\n<div class=\"wp-block-column\">\n<figure class=\"wp-block-gallery has-nested-images columns-2 is-cropped\">\n<figure class=\"wp-block-image size-large\"><img width=\"1024\" height=\"768\" src=\"https:\/\/campingmunicipalcapleucate-mss.fr\/wp-content\/uploads\/2022\/02\/art-plastique-1024x768.jpg\" alt=\"Camping Sea Sand Sun: Kunststoff Art.-Nr\" class=\"wp-image-940\" srcset=\"https:\/\/campingmunicipalcapleucate-mss.fr\/wp-content\/uploads\/2022\/02\/art-plastique-1024x768.jpg 1024w, https:\/\/campingmunicipalcapleucate-mss.fr\/wp-content\/uploads\/2022\/02\/art-plastique-300x225.jpg 300w, https:\/\/campingmunicipalcapleucate-mss.fr\/wp-content\/uploads\/2022\/02\/art-plastique-768x576.jpg 768w, https:\/\/campingmunicipalcapleucate-mss.fr\/wp-content\/uploads\/2022\/02\/art-plastique-1536x1152.jpg 1536w, https:\/\/campingmunicipalcapleucate-mss.fr\/wp-content\/uploads\/2022\/02\/art-plastique.jpg 1575w\" sizes=\"(max-width: 1024px) 100vw, 1024px\" \/><\/figure>\n\n\n\n<figure class=\"wp-block-image size-large\"><img width=\"1024\" height=\"768\" src=\"https:\/\/campingmunicipalcapleucate-mss.fr\/wp-content\/uploads\/2022\/02\/art-plastique2-1024x768.jpg\" alt=\"Camping Meer Sand Sonne: Kunststoff Art2\" class=\"wp-image-1084\" srcset=\"https:\/\/campingmunicipalcapleucate-mss.fr\/wp-content\/uploads\/2022\/02\/art-plastique2-1024x768.jpg 1024w, https:\/\/campingmunicipalcapleucate-mss.fr\/wp-content\/uploads\/2022\/02\/art-plastique2-300x225.jpg 300w, https:\/\/campingmunicipalcapleucate-mss.fr\/wp-content\/uploads\/2022\/02\/art-plastique2-768x576.jpg 768w, https:\/\/campingmunicipalcapleucate-mss.fr\/wp-content\/uploads\/2022\/02\/art-plastique2-1536x1152.jpg 1536w, https:\/\/campingmunicipalcapleucate-mss.fr\/wp-content\/uploads\/2022\/02\/art-plastique2.jpg 1575w\" sizes=\"(max-width: 1024px) 100vw, 1024px\" \/><\/figure>\n\n\n\n<figure class=\"wp-block-image size-large\"><img width=\"1575\" height=\"888\" src=\"https:\/\/campingmunicipalcapleucate-mss.fr\/wp-content\/uploads\/2022\/02\/art-plastique3-edited.jpg\" alt=\"Camping Sea Sand Sun: Kunststoff Art3\" class=\"wp-image-1089\" srcset=\"https:\/\/campingmunicipalcapleucate-mss.fr\/wp-content\/uploads\/2022\/02\/art-plastique3-edited.jpg 1575w, https:\/\/campingmunicipalcapleucate-mss.fr\/wp-content\/uploads\/2022\/02\/art-plastique3-edited-300x169.jpg 300w, https:\/\/campingmunicipalcapleucate-mss.fr\/wp-content\/uploads\/2022\/02\/art-plastique3-edited-1024x577.jpg 1024w, https:\/\/campingmunicipalcapleucate-mss.fr\/wp-content\/uploads\/2022\/02\/art-plastique3-edited-768x433.jpg 768w, https:\/\/campingmunicipalcapleucate-mss.fr\/wp-content\/uploads\/2022\/02\/art-plastique3-edited-1536x866.jpg 1536w\" sizes=\"(max-width: 1575px) 100vw, 1575px\" \/><\/figure>\n<\/figure>\n<\/div>\n<\/div>\n<\/div><\/section>\n\n\n\n<div class=\"wp-container-69ee65698ea3d wp-block-group ms-60-a\"><div class=\"wp-block-group__inner-container\">\n<div class=\"wp-block-cover is-light\"><span aria-hidden=\"true\" class=\"has-blanc-background-color wp-block-cover__gradient-background has-background-dim\"><\/span><img width=\"2168\" height=\"1181\" class=\"wp-block-cover__image-background wp-image-1132\" alt=\"Camping Mer Sable Soleil : Lavage Planche\" src=\"https:\/\/campingmunicipalcapleucate-mss.fr\/wp-content\/uploads\/2022\/02\/lavage-planche.jpg\" style=\"object-position:51% 66%\" data-object-fit=\"cover\" data-object-position=\"51% 66%\" srcset=\"https:\/\/campingmunicipalcapleucate-mss.fr\/wp-content\/uploads\/2022\/02\/lavage-planche.jpg 2168w, https:\/\/campingmunicipalcapleucate-mss.fr\/wp-content\/uploads\/2022\/02\/lavage-planche-300x163.jpg 300w, https:\/\/campingmunicipalcapleucate-mss.fr\/wp-content\/uploads\/2022\/02\/lavage-planche-1024x558.jpg 1024w, https:\/\/campingmunicipalcapleucate-mss.fr\/wp-content\/uploads\/2022\/02\/lavage-planche-768x418.jpg 768w, https:\/\/campingmunicipalcapleucate-mss.fr\/wp-content\/uploads\/2022\/02\/lavage-planche-1536x837.jpg 1536w, https:\/\/campingmunicipalcapleucate-mss.fr\/wp-content\/uploads\/2022\/02\/lavage-planche-2048x1116.jpg 2048w\" sizes=\"(max-width: 2168px) 100vw, 2168px\" \/><div class=\"wp-block-cover__inner-container\">\n<p class=\"has-text-align-center has-large-font-size\"><\/p>\n<\/div><\/div>\n<\/div><\/div>\n\n\n\n<section class=\"wp-container-69ee65698ee34 wp-block-group ms-50-b\"><div class=\"wp-block-group__inner-container\">\n<div class=\"wp-block-columns\">\n<div class=\"wp-block-column\">\n<h2 id=\"a-proximite-immediate-de-votre-camping-leucate-3-etoiles\">In unmittelbarer N\u00e4he Ihres 3-Sterne-Campingplatzes Leucate<\/h2>\n\n\n\n<ul id=\"block-c61f573e-aadf-4ec1-b000-3dec435f47f6\"><li><i class=\"fal fa-shopping-basket\"><\/i> Lebensmittelgesch\u00e4ft<\/li><li><i class=\"fal fa-smoking\"><\/i> Tabak<\/li><li><i class=\"fal fa-store\"><\/i> Basar<\/li><li><i class=\"fal fa-utensils-alt\"><\/i> Restaurants<\/li><li><i class=\"fal fa-beer\"><\/i> Riegel<\/li><li><i class=\"fal fa-umbrella-beach\"><\/i> Strandclub<\/li><li><i class=\"fal fa-tennis-ball\"><\/i> Tennisplatz<\/li><\/ul>\n\n\n\n<p>Sie k\u00f6nnen das \u00fcben <strong>Schwimmen<\/strong> (\u00fcberdachtes und beheiztes st\u00e4dtisches Schwimmbad), die <strong>Wasserski<\/strong> , das <strong>Tauchen<\/strong> , das<strong>Reiten<\/strong> (Ranch auf 500m), die <strong>Segeln<\/strong> , das <strong>Speed-Segel<\/strong> (15 km lange Strecke, die einzige im Mittelmeerraum), <strong>Mountainbiken<\/strong> (Strecken sind an der Rezeption erh\u00e4ltlich), <strong>Windsurfen<\/strong> mit dem Wesh Center Crew Club und dem CVCL: BOARD SCHOOLS Kurs, Unterricht, Verleih, Tests\u2026 Einf\u00fchrung und Verbesserung der Ausr\u00fcstung des Jahres!<\/p>\n\n\n\n<div class=\"wp-block-group encart-information\"><div class=\"wp-block-group__inner-container\">\n<p><strong>PROFITIEREN SIE VON VORZUGSPREISEN, DIE NUR KUNDEN VON MER-SABLE-SOLEIL VORBEHALTEN SIND<\/strong> !<br>Fragen Sie an der Rezeption!<\/p>\n<\/div><\/div>\n<\/div>\n\n\n\n<div class=\"wp-block-column is-vertically-aligned-center\">\n<figure class=\"wp-block-gallery has-nested-images columns-2 is-cropped\">\n<figure class=\"wp-block-image size-large\"><img width=\"1024\" height=\"576\" src=\"https:\/\/campingmunicipalcapleucate-mss.fr\/wp-content\/uploads\/2022\/02\/plage-bateaux-1024x576.jpg\" alt=\"Campingplatz Mer Sable Soleil: Strandboote\" class=\"wp-image-1023\" srcset=\"https:\/\/campingmunicipalcapleucate-mss.fr\/wp-content\/uploads\/2022\/02\/plage-bateaux-1024x576.jpg 1024w, https:\/\/campingmunicipalcapleucate-mss.fr\/wp-content\/uploads\/2022\/02\/plage-bateaux-300x169.jpg 300w, https:\/\/campingmunicipalcapleucate-mss.fr\/wp-content\/uploads\/2022\/02\/plage-bateaux-768x432.jpg 768w, https:\/\/campingmunicipalcapleucate-mss.fr\/wp-content\/uploads\/2022\/02\/plage-bateaux-1536x864.jpg 1536w, https:\/\/campingmunicipalcapleucate-mss.fr\/wp-content\/uploads\/2022\/02\/plage-bateaux-2048x1152.jpg 2048w\" sizes=\"(max-width: 1024px) 100vw, 1024px\" \/><\/figure>\n\n\n\n<figure class=\"wp-block-image size-large\"><img width=\"1024\" height=\"576\" src=\"https:\/\/campingmunicipalcapleucate-mss.fr\/wp-content\/uploads\/2022\/02\/119887859_3539895442716920_5690693796190467902_n-1024x576.jpg\" alt=\"Camping Mer Sable Soleil: 119887859 3539895442716920 5690693796190467902 N\" class=\"wp-image-1109\" srcset=\"https:\/\/campingmunicipalcapleucate-mss.fr\/wp-content\/uploads\/2022\/02\/119887859_3539895442716920_5690693796190467902_n-1024x576.jpg 1024w, https:\/\/campingmunicipalcapleucate-mss.fr\/wp-content\/uploads\/2022\/02\/119887859_3539895442716920_5690693796190467902_n-300x169.jpg 300w, https:\/\/campingmunicipalcapleucate-mss.fr\/wp-content\/uploads\/2022\/02\/119887859_3539895442716920_5690693796190467902_n-768x432.jpg 768w, https:\/\/campingmunicipalcapleucate-mss.fr\/wp-content\/uploads\/2022\/02\/119887859_3539895442716920_5690693796190467902_n.jpg 1440w\" sizes=\"(max-width: 1024px) 100vw, 1024px\" \/><\/figure>\n\n\n\n<figure class=\"wp-block-image size-large\"><img width=\"1024\" height=\"638\" src=\"https:\/\/campingmunicipalcapleucate-mss.fr\/wp-content\/uploads\/2022\/02\/planche-lafranqui-1024x638.jpg\" alt=\"Campingplatz Mer Sable Soleil: Planche Lafranqui\" class=\"wp-image-1126\" srcset=\"https:\/\/campingmunicipalcapleucate-mss.fr\/wp-content\/uploads\/2022\/02\/planche-lafranqui-1024x638.jpg 1024w, https:\/\/campingmunicipalcapleucate-mss.fr\/wp-content\/uploads\/2022\/02\/planche-lafranqui-300x187.jpg 300w, https:\/\/campingmunicipalcapleucate-mss.fr\/wp-content\/uploads\/2022\/02\/planche-lafranqui-768x478.jpg 768w, https:\/\/campingmunicipalcapleucate-mss.fr\/wp-content\/uploads\/2022\/02\/planche-lafranqui-1536x957.jpg 1536w, https:\/\/campingmunicipalcapleucate-mss.fr\/wp-content\/uploads\/2022\/02\/planche-lafranqui.jpg 1896w\" sizes=\"(max-width: 1024px) 100vw, 1024px\" \/><figcaption><a href=\"https:\/\/campingmunicipalcapleucate-mss.fr\/de\/fotogallerie\/\"><i class=\"fal fa-camera-alt\"><\/i> Siehe Fotos und Videos<\/a><\/figcaption><\/figure>\n<\/figure>\n<\/div>\n<\/div>\n<\/div><\/section>\n\n\n\n<div style=\"height:100px\" aria-hidden=\"true\" class=\"wp-block-spacer\"><\/div>\n","protected":false},"excerpt":{"rendered":"<p>Siehe das Wetter Siehe Fotos und Videos Dienstleistungen f\u00fcr Ihren Urlaub auf Ihrem 3-Sterne-Campingplatz im Languedoc-Roussillon Br\u00e4unungs- , Entspannungs- oder Sporturlaub , SEA SAND SUN ein Team, ein Empfang, Beratung. Unser Campingplatz Aude am Meer hei\u00dft Sie in der Saison willkommen : Montag bis Freitag 9.00 bis 13.00 Uhr und 16.00 bis 20.00 Uhr Samstag [&hellip;]<\/p>\n","protected":false},"author":1,"featured_media":0,"parent":0,"menu_order":0,"comment_status":"closed","ping_status":"closed","template":"","meta":[],"acf":[],"_links":{"self":[{"href":"https:\/\/campingmunicipalcapleucate-mss.fr\/de\/wp-json\/wp\/v2\/pages\/2081"}],"collection":[{"href":"https:\/\/campingmunicipalcapleucate-mss.fr\/de\/wp-json\/wp\/v2\/pages"}],"about":[{"href":"https:\/\/campingmunicipalcapleucate-mss.fr\/de\/wp-json\/wp\/v2\/types\/page"}],"author":[{"embeddable":true,"href":"https:\/\/campingmunicipalcapleucate-mss.fr\/de\/wp-json\/wp\/v2\/users\/1"}],"replies":[{"embeddable":true,"href":"https:\/\/campingmunicipalcapleucate-mss.fr\/de\/wp-json\/wp\/v2\/comments?post=2081"}],"version-history":[{"count":6,"href":"https:\/\/campingmunicipalcapleucate-mss.fr\/de\/wp-json\/wp\/v2\/pages\/2081\/revisions"}],"predecessor-version":[{"id":5116,"href":"https:\/\/campingmunicipalcapleucate-mss.fr\/de\/wp-json\/wp\/v2\/pages\/2081\/revisions\/5116"}],"wp:attachment":[{"href":"https:\/\/campingmunicipalcapleucate-mss.fr\/de\/wp-json\/wp\/v2\/media?parent=2081"}],"curies":[{"name":"wp","href":"https:\/\/api.w.org\/{rel}","templated":true}]}}