{"id":2087,"date":"2022-05-31T15:10:59","date_gmt":"2022-05-31T13:10:59","guid":{"rendered":"https:\/\/campingmunicipalcapleucate-mss.fr\/kulinarische-spezialitaeten-von-leucate\/"},"modified":"2022-05-31T15:11:00","modified_gmt":"2022-05-31T13:11:00","slug":"kulinarische-spezialitaeten-von-leucate","status":"publish","type":"page","link":"https:\/\/campingmunicipalcapleucate-mss.fr\/de\/kulinarische-spezialitaeten-von-leucate\/","title":{"rendered":"Kulinarische Spezialit\u00e4ten von Leucate"},"content":{"rendered":"\n<div class=\"wp-block-cover ms-100-b\"><span aria-hidden=\"true\" class=\"has-background-dim-40 wp-block-cover__gradient-background has-background-dim\"><\/span><img width=\"1920\" height=\"1080\" class=\"wp-block-cover__image-background wp-image-323\" alt=\"\" src=\"https:\/\/campingmunicipalcapleucate-mss.fr\/wp-content\/uploads\/2022\/01\/Rectangle-1-1.jpg\" data-object-fit=\"cover\" srcset=\"https:\/\/campingmunicipalcapleucate-mss.fr\/wp-content\/uploads\/2022\/01\/Rectangle-1-1.jpg 1920w, https:\/\/campingmunicipalcapleucate-mss.fr\/wp-content\/uploads\/2022\/01\/Rectangle-1-1-300x169.jpg 300w, https:\/\/campingmunicipalcapleucate-mss.fr\/wp-content\/uploads\/2022\/01\/Rectangle-1-1-1024x576.jpg 1024w, https:\/\/campingmunicipalcapleucate-mss.fr\/wp-content\/uploads\/2022\/01\/Rectangle-1-1-768x432.jpg 768w, https:\/\/campingmunicipalcapleucate-mss.fr\/wp-content\/uploads\/2022\/01\/Rectangle-1-1-1536x864.jpg 1536w\" sizes=\"(max-width: 1920px) 100vw, 1920px\" \/><div class=\"wp-block-cover__inner-container\">\n<h1 class=\"has-text-align-center has-blanc-color has-text-color\" id=\"specialites-culinaires-de-leucate\"><strong>Kulinarische Spezialit\u00e4ten von Leucate<\/strong><\/h1>\n<\/div><\/div>\n\n<section class=\"wp-container-69ee7ddce69b7 wp-block-group ms-70-a has-fond-background-color has-background\"><div class=\"wp-block-group__inner-container\">\n<div class=\"wp-block-columns\">\n<div class=\"wp-block-column\" style=\"flex-basis:50%\">\n<p>Das am <strong>Mittelmeer<\/strong> gelegene Dorf Leucate ist voll von au\u00dfergew\u00f6hnlichen kulinarischen Spezialit\u00e4ten. Es ist ein gastronomischer Knotenpunkt, an dem sich der Duft des Meeres harmonisch mit dem des Buschlandes in einer sonnigen Umgebung kreuzt. Entdecken Sie eine authentische und farbenfrohe Landschaft, n\u00e4her an der Natur und der lokalen K\u00fcche. Das Dorf <strong>Leucate<\/strong> mit seinen l\u00e4chelnden und spontanen Einwohnern an seinen Marktst\u00e4nden mit 100% Bio-Produkten. Was auch immer Ihre Vorlieben sind, die Verkostung der lokalen K\u00fcche w\u00e4hrend Ihres <a href=\"https:\/\/campingmunicipalcapleucate-mss.fr\/de\/\">Campingaufenthalts in Leucate<\/a> ist ein Muss und <strong>Ihre Geschmacksknospen werden es Ihnen danken<\/strong> !<\/p>\n\n\n\n<h2 id=\"le-vin-de-leucate-une-affaire-de-cooperative\">Leucate-Wein: eine kooperative Angelegenheit<\/h2>\n\n\n\n<p>Eines der gro\u00dfen Merkmale des Dorfes Leucate ist nat\u00fcrlich sein Wein, der authentisch ist und einen exquisiten Geschmack hat. Der auf \u00fcber 500 Hektar bewirtschaftete Weinberg wird von einer Genossenschaftskellerei und einer privaten Bio-Kellerei bewirtschaftet. Die auf 2 Gebiete verteilten Leucate-Reben werden in den Winden, dem Meer und den Teichen gebadet und dann vom Buschland gen\u00e4hrt.<\/p>\n\n\n\n<p>Somit bieten die Weinberge von Cap Leucate 5 Produkte mit kontrollierter Appellation (AOC) an, von denen das \u00e4lteste Rouge du <strong>Languedoc-Roussillon<\/strong> ist. Der private Weinkeller Le Mas des Caprices kultiviert 15 Hektar Reben mit Bio-Label auf der Hochebene von Leucate.<\/p>\n<\/div>\n\n\n\n<div class=\"wp-block-column\" style=\"flex-basis:50%\">\n<div style=\"height:100px\" aria-hidden=\"true\" class=\"wp-block-spacer\"><\/div>\n\n\n\n<figure class=\"wp-block-gallery has-nested-images columns-3 is-cropped\">\n<figure class=\"wp-block-image size-full\"><img width=\"960\" height=\"720\" src=\"https:\/\/campingmunicipalcapleucate-mss.fr\/wp-content\/uploads\/2022\/02\/241169010_378822850290094_6549685739090330975_n.jpg\" alt=\"Camping Mer Sable Soleil: 241169010 378822850290094 6549685739090330975 N\" class=\"wp-image-1153\" srcset=\"https:\/\/campingmunicipalcapleucate-mss.fr\/wp-content\/uploads\/2022\/02\/241169010_378822850290094_6549685739090330975_n.jpg 960w, https:\/\/campingmunicipalcapleucate-mss.fr\/wp-content\/uploads\/2022\/02\/241169010_378822850290094_6549685739090330975_n-300x225.jpg 300w, https:\/\/campingmunicipalcapleucate-mss.fr\/wp-content\/uploads\/2022\/02\/241169010_378822850290094_6549685739090330975_n-768x576.jpg 768w\" sizes=\"(max-width: 960px) 100vw, 960px\" \/><\/figure>\n\n\n<figure class=\"wp-block-image size-large\"><img width=\"1024\" height=\"683\" src=\"https:\/\/campingmunicipalcapleucate-mss.fr\/wp-content\/uploads\/2022\/02\/pexels-terje-sollie-566345-1024x683.jpg\" alt=\"Campingplatz Sea Sand Sun: Pexels Terje Sollie 566345\" class=\"wp-image-1415\" srcset=\"https:\/\/campingmunicipalcapleucate-mss.fr\/wp-content\/uploads\/2022\/02\/pexels-terje-sollie-566345-1024x683.jpg 1024w, https:\/\/campingmunicipalcapleucate-mss.fr\/wp-content\/uploads\/2022\/02\/pexels-terje-sollie-566345-300x200.jpg 300w, https:\/\/campingmunicipalcapleucate-mss.fr\/wp-content\/uploads\/2022\/02\/pexels-terje-sollie-566345-768x512.jpg 768w, https:\/\/campingmunicipalcapleucate-mss.fr\/wp-content\/uploads\/2022\/02\/pexels-terje-sollie-566345-1536x1025.jpg 1536w, https:\/\/campingmunicipalcapleucate-mss.fr\/wp-content\/uploads\/2022\/02\/pexels-terje-sollie-566345-2048x1366.jpg 2048w\" sizes=\"(max-width: 1024px) 100vw, 1024px\" \/><\/figure>\n\n\n<figure class=\"wp-block-image size-large\"><img width=\"1024\" height=\"683\" src=\"https:\/\/campingmunicipalcapleucate-mss.fr\/wp-content\/uploads\/2022\/02\/zan-WrueFKpTlQs-unsplash-1024x683.jpg\" alt=\"\" class=\"wp-image-1411\" srcset=\"https:\/\/campingmunicipalcapleucate-mss.fr\/wp-content\/uploads\/2022\/02\/zan-WrueFKpTlQs-unsplash-1024x683.jpg 1024w, https:\/\/campingmunicipalcapleucate-mss.fr\/wp-content\/uploads\/2022\/02\/zan-WrueFKpTlQs-unsplash-300x200.jpg 300w, https:\/\/campingmunicipalcapleucate-mss.fr\/wp-content\/uploads\/2022\/02\/zan-WrueFKpTlQs-unsplash-768x512.jpg 768w, https:\/\/campingmunicipalcapleucate-mss.fr\/wp-content\/uploads\/2022\/02\/zan-WrueFKpTlQs-unsplash-1536x1024.jpg 1536w, https:\/\/campingmunicipalcapleucate-mss.fr\/wp-content\/uploads\/2022\/02\/zan-WrueFKpTlQs-unsplash-2048x1365.jpg 2048w\" sizes=\"(max-width: 1024px) 100vw, 1024px\" \/><figcaption><a href=\"https:\/\/campingmunicipalcapleucate-mss.fr\/de\/fotogallerie\/\" data-type=\"page\" data-id=\"426\">Siehe Fotos und Videos <i class=\"fal fa-camera-alt\"><\/i><\/a><\/figcaption><\/figure><\/figure>\n<\/div>\n<\/div>\n<\/div><\/section>\n\n<div style=\"height:100px\" aria-hidden=\"true\" class=\"wp-block-spacer\"><\/div>\n\n<section class=\"wp-container-69ee7ddce6dc5 wp-block-group ms-40-a\"><div class=\"wp-block-group__inner-container\">\n<div class=\"wp-block-columns\">\n<div class=\"wp-block-column galerie\" style=\"flex-basis:60%\">\n<div class=\"wp-block-columns\">\n<div class=\"wp-block-column\">\n<figure class=\"wp-block-image size-large\"><img width=\"1024\" height=\"1024\" src=\"https:\/\/campingmunicipalcapleucate-mss.fr\/wp-content\/uploads\/2022\/02\/claude-potts-ka5uiVmIvII-unsplash-1024x1024.jpg\" alt=\"\" class=\"wp-image-1420\" srcset=\"https:\/\/campingmunicipalcapleucate-mss.fr\/wp-content\/uploads\/2022\/02\/claude-potts-ka5uiVmIvII-unsplash-1024x1024.jpg 1024w, https:\/\/campingmunicipalcapleucate-mss.fr\/wp-content\/uploads\/2022\/02\/claude-potts-ka5uiVmIvII-unsplash-300x300.jpg 300w, https:\/\/campingmunicipalcapleucate-mss.fr\/wp-content\/uploads\/2022\/02\/claude-potts-ka5uiVmIvII-unsplash-150x150.jpg 150w, https:\/\/campingmunicipalcapleucate-mss.fr\/wp-content\/uploads\/2022\/02\/claude-potts-ka5uiVmIvII-unsplash-768x768.jpg 768w, https:\/\/campingmunicipalcapleucate-mss.fr\/wp-content\/uploads\/2022\/02\/claude-potts-ka5uiVmIvII-unsplash-1536x1536.jpg 1536w, https:\/\/campingmunicipalcapleucate-mss.fr\/wp-content\/uploads\/2022\/02\/claude-potts-ka5uiVmIvII-unsplash-2048x2048.jpg 2048w\" sizes=\"(max-width: 1024px) 100vw, 1024px\" \/><\/figure>\n\n\n<p class=\"has-principale-color has-text-color\"><a href=\"https:\/\/campingmunicipalcapleucate-mss.fr\/de\/fotogallerie\/\" data-type=\"page\" data-id=\"426\"><i class=\"fal fa-camera-alt\"><\/i> Siehe Fotos und Videos<\/a><\/p>\n<\/div>\n\n\n\n<div class=\"wp-block-column\">\n<p class=\"has-principale-color has-text-color\"><i class=\"fal fa-shopping-basket\"><\/i> Lokale und frische Produkte<\/p>\n\n\n\n<figure class=\"wp-block-image size-large\"><img width=\"1024\" height=\"683\" src=\"https:\/\/campingmunicipalcapleucate-mss.fr\/wp-content\/uploads\/2022\/02\/shrimp-ge09c54136_1920-1024x683.jpg\" alt=\"Camping Sea Sand Sun: Shrimp Ge09c54136 1920\" class=\"wp-image-1427\" srcset=\"https:\/\/campingmunicipalcapleucate-mss.fr\/wp-content\/uploads\/2022\/02\/shrimp-ge09c54136_1920-1024x683.jpg 1024w, https:\/\/campingmunicipalcapleucate-mss.fr\/wp-content\/uploads\/2022\/02\/shrimp-ge09c54136_1920-300x200.jpg 300w, https:\/\/campingmunicipalcapleucate-mss.fr\/wp-content\/uploads\/2022\/02\/shrimp-ge09c54136_1920-768x512.jpg 768w, https:\/\/campingmunicipalcapleucate-mss.fr\/wp-content\/uploads\/2022\/02\/shrimp-ge09c54136_1920-1536x1024.jpg 1536w, https:\/\/campingmunicipalcapleucate-mss.fr\/wp-content\/uploads\/2022\/02\/shrimp-ge09c54136_1920.jpg 1920w\" sizes=\"(max-width: 1024px) 100vw, 1024px\" \/><\/figure><\/div>\n<\/div>\n<\/div>\n\n\n\n<div class=\"wp-block-column\" style=\"flex-basis:40%\">\n<h2 class=\"has-principale-color has-text-color\" id=\"la-conchyliculture-a-leucate\">Muschelzucht in Leucate<\/h2>\n\n\n\n<p>Die gastronomische Kunst von Leucate st\u00fctzt sich auf Austernz\u00fcchter, die Austern, Muscheln, Venusmuscheln und auch Riesengarnelen z\u00fcchten. Diese Austernz\u00fcchter lassen Sie ihre ber\u00fchmte \u201e <strong>Cap Leucate<\/strong> \u201c probieren, eine hohle Auster mit feinem Fleisch und Haselnussgeschmack. Nat\u00fcrlich wird der lokale Wein seinen Platz in diesem Bankett haben, das eine Hommage an die traditionelle K\u00fcche darstellt.<\/p>\n\n\n\n<p>Angeln ist auch eine beliebte Aktivit\u00e4t in Leucate; es bietet sehr gute Arten f\u00fcr K\u00f6che und Gastronomen. Dank Aal kochen wir zum Beispiel die traditionelle Bourride oder Pinata. Und wenn Sie Fisch f\u00fcr kulinarische Zwecke brauchen, finden Sie ihn jeden Morgen am Fischerhafen. Entdecken Sie mit Ihren Freunden oder Ihrer Familie auch die herrlichen Restaurants mit sonnigen Terrassen, die auf die K\u00fcche mit lokalen Produkten spezialisiert sind. Sie werden alle Spezialit\u00e4ten probieren, die Leucate zu einem wahren Gourmet-Paradies machen.<\/p>\n<\/div>\n<\/div>\n<\/div><\/section>\n\n<p><\/p>\n","protected":false},"excerpt":{"rendered":"<p>Das am Mittelmeer gelegene Dorf Leucate ist voll von au\u00dfergew\u00f6hnlichen kulinarischen Spezialit\u00e4ten. Es ist ein gastronomischer Knotenpunkt, an dem sich der Duft des Meeres harmonisch mit dem des Buschlandes in einer sonnigen Umgebung kreuzt. Entdecken Sie eine authentische und farbenfrohe Landschaft, n\u00e4her an der Natur und der lokalen K\u00fcche. Das Dorf Leucate mit seinen l\u00e4chelnden [&hellip;]<\/p>\n","protected":false},"author":1,"featured_media":0,"parent":0,"menu_order":0,"comment_status":"closed","ping_status":"closed","template":"","meta":[],"acf":[],"_links":{"self":[{"href":"https:\/\/campingmunicipalcapleucate-mss.fr\/de\/wp-json\/wp\/v2\/pages\/2087"}],"collection":[{"href":"https:\/\/campingmunicipalcapleucate-mss.fr\/de\/wp-json\/wp\/v2\/pages"}],"about":[{"href":"https:\/\/campingmunicipalcapleucate-mss.fr\/de\/wp-json\/wp\/v2\/types\/page"}],"author":[{"embeddable":true,"href":"https:\/\/campingmunicipalcapleucate-mss.fr\/de\/wp-json\/wp\/v2\/users\/1"}],"replies":[{"embeddable":true,"href":"https:\/\/campingmunicipalcapleucate-mss.fr\/de\/wp-json\/wp\/v2\/comments?post=2087"}],"version-history":[{"count":1,"href":"https:\/\/campingmunicipalcapleucate-mss.fr\/de\/wp-json\/wp\/v2\/pages\/2087\/revisions"}],"predecessor-version":[{"id":2088,"href":"https:\/\/campingmunicipalcapleucate-mss.fr\/de\/wp-json\/wp\/v2\/pages\/2087\/revisions\/2088"}],"wp:attachment":[{"href":"https:\/\/campingmunicipalcapleucate-mss.fr\/de\/wp-json\/wp\/v2\/media?parent=2087"}],"curies":[{"name":"wp","href":"https:\/\/api.w.org\/{rel}","templated":true}]}}