{"id":2128,"date":"2022-05-31T15:27:08","date_gmt":"2022-05-31T13:27:08","guid":{"rendered":"https:\/\/campingmunicipalcapleucate-mss.fr\/scheinwerfer\/"},"modified":"2024-02-16T15:10:43","modified_gmt":"2024-02-16T14:10:43","slug":"scheinwerfer","status":"publish","type":"page","link":"https:\/\/campingmunicipalcapleucate-mss.fr\/de\/scheinwerfer\/","title":{"rendered":"Scheinwerfer"},"content":{"rendered":"\n<div class=\"wp-block-cover ms-100-b\"><span aria-hidden=\"true\" class=\"has-background-dim-40 wp-block-cover__gradient-background has-background-dim\"><\/span><img width=\"1920\" height=\"1080\" class=\"wp-block-cover__image-background wp-image-323\" alt=\"mer sable soleil spot surf\" src=\"https:\/\/campingmunicipalcapleucate-mss.fr\/wp-content\/uploads\/2022\/01\/Rectangle-1-1.jpg\" data-object-fit=\"cover\" srcset=\"https:\/\/campingmunicipalcapleucate-mss.fr\/wp-content\/uploads\/2022\/01\/Rectangle-1-1.jpg 1920w, https:\/\/campingmunicipalcapleucate-mss.fr\/wp-content\/uploads\/2022\/01\/Rectangle-1-1-300x169.jpg 300w, https:\/\/campingmunicipalcapleucate-mss.fr\/wp-content\/uploads\/2022\/01\/Rectangle-1-1-1024x576.jpg 1024w, https:\/\/campingmunicipalcapleucate-mss.fr\/wp-content\/uploads\/2022\/01\/Rectangle-1-1-768x432.jpg 768w, https:\/\/campingmunicipalcapleucate-mss.fr\/wp-content\/uploads\/2022\/01\/Rectangle-1-1-1536x864.jpg 1536w\" sizes=\"(max-width: 1920px) 100vw, 1920px\" \/><div class=\"wp-block-cover__inner-container\">\n<h1 class=\"has-text-align-center\" id=\"camping-leucate-windsurf-pres-de-port-leucate\"><strong>Campingplatz Leucate Windsurf <\/strong><br><strong>in der N\u00e4he von Port Leucate<\/strong><\/h1>\n<\/div><\/div>\n\n\n\n<section class=\"wp-container-69ee62cdc32fd wp-block-group ms-70-a has-fond-background-color has-background\"><div class=\"wp-block-group__inner-container\">\n<div class=\"wp-block-columns\">\n<div class=\"wp-block-column\" style=\"flex-basis:50%\">\n<h2 class=\"has-principale-color has-text-color\" id=\"spots-pour-surfeurs-windsurfeurs-kitesurfeurs-funboardeurs-a-proximite-du-camping-leucate\">Spots f\u00fcr Surfer, Windsurfer, Kitesurfer und Funboarder in der N\u00e4he von Camping Leucate<\/h2>\n\n\n\n<p>Machen Sie Urlaub auf dem <strong>Windsurf-Camping Leucate<\/strong> und g\u00f6nnen Sie sich auch als Zuschauer Nervenkitzel bei diesen Gleitsportarten wie dem Windsurfen!<br>Um <strong>Windsurfausr\u00fcstung zu kaufen oder zu mieten<\/strong> , z\u00f6gern Sie nicht, einen Blick auf die Gesch\u00e4fte in Leucate zu werfen.<br>Sie finden Ausr\u00fcstung wie Segel, Boards, Trapeze, Helme, Neoprenanz\u00fcge, Westen usw.<br>Und verpassen Sie nicht <a href=\"https:\/\/campingmunicipalcapleucate-mss.fr\/de\/leucate-wind-welt\/\">das Mondial du Vent<\/a> \ud83d\ude09<\/p>\n\n\n\n<div class=\"wp-container-69ee62cdc2f2e wp-block-buttons\">\n<div class=\"wp-block-button\"><a class=\"wp-block-button__link has-secondaire-background-color has-background\" href=\"https:\/\/campingmunicipalcapleucate-mss.fr\/wp-content\/uploads\/2022\/01\/Brochure-2015.pdf\" target=\"_blank\" rel=\"noreferrer noopener\">Siehe Brosch\u00fcre<\/a><\/div>\n\n\n\n<div class=\"wp-block-button\"><a class=\"wp-block-button__link has-principale-background-color has-background\" href=\"https:\/\/campingmunicipalcapleucate-mss.fr\/de\/die-umgebung\/\">Entdecken Sie die Umgebung<\/a><\/div>\n<\/div>\n<\/div>\n\n\n\n<div class=\"wp-block-column\" style=\"flex-basis:50%\">\n<figure class=\"wp-block-gallery has-nested-images columns-3 is-cropped\">\n<figure class=\"wp-block-image size-large\"><img width=\"1894\" height=\"1015\" src=\"https:\/\/campingmunicipalcapleucate-mss.fr\/wp-content\/uploads\/2022\/02\/planche-lafranqui-edited-1.jpg\" alt=\"Campingplatz Mer Sable Soleil: Planche Lafranqui\" class=\"wp-image-1247\" srcset=\"https:\/\/campingmunicipalcapleucate-mss.fr\/wp-content\/uploads\/2022\/02\/planche-lafranqui-edited-1.jpg 1894w, https:\/\/campingmunicipalcapleucate-mss.fr\/wp-content\/uploads\/2022\/02\/planche-lafranqui-edited-1-300x161.jpg 300w, https:\/\/campingmunicipalcapleucate-mss.fr\/wp-content\/uploads\/2022\/02\/planche-lafranqui-edited-1-1024x549.jpg 1024w, https:\/\/campingmunicipalcapleucate-mss.fr\/wp-content\/uploads\/2022\/02\/planche-lafranqui-edited-1-768x412.jpg 768w, https:\/\/campingmunicipalcapleucate-mss.fr\/wp-content\/uploads\/2022\/02\/planche-lafranqui-edited-1-1536x823.jpg 1536w\" sizes=\"(max-width: 1894px) 100vw, 1894px\" \/><\/figure>\n\n\n\n<figure class=\"wp-block-image size-full\"><img width=\"385\" height=\"206\" src=\"https:\/\/campingmunicipalcapleucate-mss.fr\/wp-content\/uploads\/2022\/02\/Rectangle-18-edited.jpg\" alt=\"windsurf mer leucate\" class=\"wp-image-1236\" srcset=\"https:\/\/campingmunicipalcapleucate-mss.fr\/wp-content\/uploads\/2022\/02\/Rectangle-18-edited.jpg 385w, https:\/\/campingmunicipalcapleucate-mss.fr\/wp-content\/uploads\/2022\/02\/Rectangle-18-edited-300x161.jpg 300w\" sizes=\"(max-width: 385px) 100vw, 385px\" \/><\/figure>\n\n\n\n<figure class=\"wp-block-image size-full\"><img width=\"350\" height=\"188\" src=\"https:\/\/campingmunicipalcapleucate-mss.fr\/wp-content\/uploads\/2022\/02\/Rectangle-7-2-edited.jpg\" alt=\"leucate surf mer\" class=\"wp-image-1239\" srcset=\"https:\/\/campingmunicipalcapleucate-mss.fr\/wp-content\/uploads\/2022\/02\/Rectangle-7-2-edited.jpg 350w, https:\/\/campingmunicipalcapleucate-mss.fr\/wp-content\/uploads\/2022\/02\/Rectangle-7-2-edited-300x161.jpg 300w\" sizes=\"(max-width: 350px) 100vw, 350px\" \/><figcaption><a href=\"https:\/\/campingmunicipalcapleucate-mss.fr\/de\/fotogallerie\/\" data-type=\"page\" data-id=\"426\">Siehe Fotos und Videos <i class=\"fal fa-camera-alt\"><\/i><\/a><\/figcaption><\/figure>\n<\/figure>\n<\/div>\n<\/div>\n<\/div><\/section>\n\n\n\n<div class=\"wp-block-cover is-light ms-60-b\"><span aria-hidden=\"true\" class=\"has-background-dim-0 wp-block-cover__gradient-background has-background-dim\"><\/span><img width=\"1280\" height=\"720\" class=\"wp-block-cover__image-background wp-image-1226\" alt=\"Camping Mer Sable Soleil : plage leucate\" src=\"https:\/\/campingmunicipalcapleucate-mss.fr\/wp-content\/uploads\/2022\/02\/media_1644221707.jpg\" data-object-fit=\"cover\" srcset=\"https:\/\/campingmunicipalcapleucate-mss.fr\/wp-content\/uploads\/2022\/02\/media_1644221707.jpg 1280w, https:\/\/campingmunicipalcapleucate-mss.fr\/wp-content\/uploads\/2022\/02\/media_1644221707-300x169.jpg 300w, https:\/\/campingmunicipalcapleucate-mss.fr\/wp-content\/uploads\/2022\/02\/media_1644221707-1024x576.jpg 1024w, https:\/\/campingmunicipalcapleucate-mss.fr\/wp-content\/uploads\/2022\/02\/media_1644221707-768x432.jpg 768w\" sizes=\"(max-width: 1280px) 100vw, 1280px\" \/><div class=\"wp-block-cover__inner-container\">\n<iframe scrolling=\"no\" allowfullscreen=\"\" src=\"https:\/\/pv.viewsurf.com\/892\/Leucate-Plage\" width=\"1280\" height=\"720\" frameborder=\"0\">\n<\/iframe>\n<\/div><\/div>\n\n\n\n<div class=\"wp-container-69ee62cdc3c92 wp-block-group ms-70-a has-fond-background-color has-background\"><div class=\"wp-block-group__inner-container\">\n<div class=\"wp-container-69ee62cdc39aa wp-block-group listing-card\"><div class=\"wp-block-group__inner-container\">\n<div class=\"wp-block-columns\">\n<div class=\"wp-block-column card\">\n<figure class=\"wp-block-image size-full\"><img width=\"800\" height=\"522\" src=\"https:\/\/campingmunicipalcapleucate-mss.fr\/wp-content\/uploads\/2022\/03\/Debuter-le-windsurf-.jpg\" alt=\"voile spot leucate\" class=\"wp-image-1643\" srcset=\"https:\/\/campingmunicipalcapleucate-mss.fr\/wp-content\/uploads\/2022\/03\/Debuter-le-windsurf-.jpg 800w, https:\/\/campingmunicipalcapleucate-mss.fr\/wp-content\/uploads\/2022\/03\/Debuter-le-windsurf--300x196.jpg 300w, https:\/\/campingmunicipalcapleucate-mss.fr\/wp-content\/uploads\/2022\/03\/Debuter-le-windsurf--768x501.jpg 768w\" sizes=\"(max-width: 800px) 100vw, 800px\" \/><\/figure>\n\n\n\n<h3 class=\"has-text-align-center has-secondaire-color has-text-color\" id=\"zone-1-spot-du-le-goulet\"><strong>Zone 1: Ort Le Goulet<\/strong><\/h3>\n\n\n\n<p>Slalomplatz, obligatorischer Wasserstart in der Mitte des Gew\u00e4ssers.<\/p>\n\n\n\n<p>Wenn der Tramontane langsam einf\u00e4hrt oder im Gegenteil, wenn ihm die Puste ausgeht, registrieren wir immer ein oder zwei Kr\u00e4fte mehr an dieser Stelle!<\/p>\n\n\n\n<p>Funboard Club: <strong>Wesh Center Crew<\/strong> Kurs, Verleih<\/p>\n\n\n\n<p><strong>Windsurfen und Stand Up Paddle Spot<\/strong><\/p>\n<\/div>\n\n\n\n<div class=\"wp-block-column card\">\n<figure class=\"wp-block-image size-large\"><img width=\"1024\" height=\"683\" src=\"https:\/\/campingmunicipalcapleucate-mss.fr\/wp-content\/uploads\/2022\/03\/remi-vila-concoit-la-nouvelle-planche-de-windsurf-pour-les-jo-de-2024-06-07-alesia-puzhauskaite-shutterstock-644729785-scaled-1-1024x683.jpg\" alt=\"surf spot la Passe\" class=\"wp-image-1635\" srcset=\"https:\/\/campingmunicipalcapleucate-mss.fr\/wp-content\/uploads\/2022\/03\/remi-vila-concoit-la-nouvelle-planche-de-windsurf-pour-les-jo-de-2024-06-07-alesia-puzhauskaite-shutterstock-644729785-scaled-1-1024x683.jpg 1024w, https:\/\/campingmunicipalcapleucate-mss.fr\/wp-content\/uploads\/2022\/03\/remi-vila-concoit-la-nouvelle-planche-de-windsurf-pour-les-jo-de-2024-06-07-alesia-puzhauskaite-shutterstock-644729785-scaled-1-300x200.jpg 300w, https:\/\/campingmunicipalcapleucate-mss.fr\/wp-content\/uploads\/2022\/03\/remi-vila-concoit-la-nouvelle-planche-de-windsurf-pour-les-jo-de-2024-06-07-alesia-puzhauskaite-shutterstock-644729785-scaled-1-768x512.jpg 768w, https:\/\/campingmunicipalcapleucate-mss.fr\/wp-content\/uploads\/2022\/03\/remi-vila-concoit-la-nouvelle-planche-de-windsurf-pour-les-jo-de-2024-06-07-alesia-puzhauskaite-shutterstock-644729785-scaled-1-1536x1024.jpg 1536w, https:\/\/campingmunicipalcapleucate-mss.fr\/wp-content\/uploads\/2022\/03\/remi-vila-concoit-la-nouvelle-planche-de-windsurf-pour-les-jo-de-2024-06-07-alesia-puzhauskaite-shutterstock-644729785-scaled-1-2048x1366.jpg 2048w\" sizes=\"(max-width: 1024px) 100vw, 1024px\" \/><\/figure>\n\n\n\n<h3 class=\"has-text-align-center has-secondaire-color has-text-color\" id=\"zone-2-spot-de-la-passe\"><strong>Zone 2: La Passe Spot<\/strong><\/h3>\n\n\n\n<p>Zwischen \u201eLe Goulet\u201c und \u201eLa Mine\u201c.<\/p>\n\n\n\n<p>Ideal zum Erlernen des Wasserstarts von Tramontane, der Wind bringt Sie immer wieder an die Kante. F\u00fcr Liebhaber von Spr\u00fcngen, sehr gro\u00dfer Chop von 5 bis 6 Beauforts. Mit 1m50 Wellen k\u00f6nnen Sie &#8222;Loops&#8220; nach Steuerbord schicken! Parken am Bergwerksplatz.<\/p>\n\n\n\n<p>Windsurfen und Stand Up Paddle Spot<\/p>\n<\/div>\n\n\n\n<div class=\"wp-block-column card\">\n<figure class=\"wp-block-image size-full\"><img width=\"800\" height=\"427\" src=\"https:\/\/campingmunicipalcapleucate-mss.fr\/wp-content\/uploads\/2022\/03\/planche-a-voile.webp\" alt=\"spot de la mine leucate\" class=\"wp-image-1639\" srcset=\"https:\/\/campingmunicipalcapleucate-mss.fr\/wp-content\/uploads\/2022\/03\/planche-a-voile.webp 800w, https:\/\/campingmunicipalcapleucate-mss.fr\/wp-content\/uploads\/2022\/03\/planche-a-voile-300x160.webp 300w, https:\/\/campingmunicipalcapleucate-mss.fr\/wp-content\/uploads\/2022\/03\/planche-a-voile-768x410.webp 768w\" sizes=\"(max-width: 800px) 100vw, 800px\" \/><\/figure>\n\n\n\n<h3 class=\"has-text-align-center has-secondaire-color has-text-color\" id=\"zone-3-spot-de-la-mine\"><strong>Zone 3: La Mine Spot<\/strong><\/h3>\n\n\n\n<p>Speed Spot von Segler oder Tramontana, in diesem Bereich k\u00f6nnen Sie \u00fcberall hinlaufen! <strong>Ideal f\u00fcr<\/strong> Anf\u00e4nger, Weiterentwicklungen (Halsen, Entenhalsen \u2026) und Geschwindigkeit, da der Wind einen leichten Schlag erzeugt, der Ihre Geschwindigkeit nicht ver\u00e4ndert.<\/p>\n\n\n\n<p>Grandiose Kulisse, Platzen garantiert!<\/p>\n\n\n\n<p>Windsurfen und Stand Up Paddle Spot<\/p>\n<\/div>\n<\/div>\n\n\n\n<div style=\"height:39px\" aria-hidden=\"true\" class=\"wp-block-spacer\"><\/div>\n\n\n\n<div class=\"wp-block-columns\">\n<div class=\"wp-block-column card\">\n<figure class=\"wp-block-image size-large\"><img width=\"1024\" height=\"576\" src=\"https:\/\/campingmunicipalcapleucate-mss.fr\/wp-content\/uploads\/2022\/02\/basak-ar-ZE2KbOGhUBA-unsplash-edited-1024x576.jpg\" alt=\"Camping Mer Sable Soleil : spot parc \u00e0 huitres\" class=\"wp-image-1289\" srcset=\"https:\/\/campingmunicipalcapleucate-mss.fr\/wp-content\/uploads\/2022\/02\/basak-ar-ZE2KbOGhUBA-unsplash-edited-1024x576.jpg 1024w, https:\/\/campingmunicipalcapleucate-mss.fr\/wp-content\/uploads\/2022\/02\/basak-ar-ZE2KbOGhUBA-unsplash-edited-300x169.jpg 300w, https:\/\/campingmunicipalcapleucate-mss.fr\/wp-content\/uploads\/2022\/02\/basak-ar-ZE2KbOGhUBA-unsplash-edited-768x432.jpg 768w, https:\/\/campingmunicipalcapleucate-mss.fr\/wp-content\/uploads\/2022\/02\/basak-ar-ZE2KbOGhUBA-unsplash-edited-1536x864.jpg 1536w, https:\/\/campingmunicipalcapleucate-mss.fr\/wp-content\/uploads\/2022\/02\/basak-ar-ZE2KbOGhUBA-unsplash-edited.jpg 1919w\" sizes=\"(max-width: 1024px) 100vw, 1024px\" \/><\/figure>\n\n\n\n<h3 class=\"has-text-align-center has-secondaire-color has-text-color\" id=\"zone-4-spot-le-parc-a-huitres\"><strong>Zone 4 Spot: Der Austernpark<\/strong><\/h3>\n\n\n\n<p>Wasserstart nicht obligatorisch, flach, dieser Spot ist beruhigend f\u00fcr Anf\u00e4nger. Spot offen f\u00fcr alle und in allen Windrichtungen.<\/p>\n\n\n\n<p>Windsurfen und Stand Up Paddle Spot<\/p>\n<\/div>\n\n\n\n<div class=\"wp-block-column card\">\n<figure class=\"wp-block-image size-large\"><img width=\"1529\" height=\"861\" src=\"https:\/\/campingmunicipalcapleucate-mss.fr\/wp-content\/uploads\/2022\/02\/kite-plage-edited.jpg\" alt=\"Campingplatz Mer Sable Soleil: Drachenstrand\" class=\"wp-image-1292\" srcset=\"https:\/\/campingmunicipalcapleucate-mss.fr\/wp-content\/uploads\/2022\/02\/kite-plage-edited.jpg 1529w, https:\/\/campingmunicipalcapleucate-mss.fr\/wp-content\/uploads\/2022\/02\/kite-plage-edited-300x169.jpg 300w, https:\/\/campingmunicipalcapleucate-mss.fr\/wp-content\/uploads\/2022\/02\/kite-plage-edited-1024x577.jpg 1024w, https:\/\/campingmunicipalcapleucate-mss.fr\/wp-content\/uploads\/2022\/02\/kite-plage-edited-768x432.jpg 768w\" sizes=\"(max-width: 1529px) 100vw, 1529px\" \/><\/figure>\n\n\n\n<h3 class=\"has-text-align-center has-secondaire-color has-text-color\" id=\"zone-5-spot-la-mer\"><strong>Zone 5: Spot La Mer<\/strong><\/h3>\n\n\n\n<p>Mit dem Segler vor Mer Sable Soleil, <strong>Kite- und Windsurfspot<\/strong> !<\/p>\n\n\n\n<p>Wellen und surfen, <strong>Spa\u00df garantiert<\/strong> !<\/p>\n\n\n\n<p>Direkte Abfahrt im Stand Up Paddle f\u00fcr herrliche Balladen oder Surfen bei Seewind!<\/p>\n\n\n\n<p><strong>Spot f\u00fcr Kitesurfen<\/strong> , Windsurfen und Stand Up Paddle<\/p>\n<\/div>\n\n\n\n<div class=\"wp-block-column card\">\n<figure class=\"wp-block-image size-large\"><img width=\"1895\" height=\"1065\" src=\"https:\/\/campingmunicipalcapleucate-mss.fr\/wp-content\/uploads\/2022\/02\/planche-lafranqui-edited-2.jpg\" alt=\"Campingplatz Mer Sable Soleil: Planche Lafranqui\" class=\"wp-image-1295\" srcset=\"https:\/\/campingmunicipalcapleucate-mss.fr\/wp-content\/uploads\/2022\/02\/planche-lafranqui-edited-2.jpg 1895w, https:\/\/campingmunicipalcapleucate-mss.fr\/wp-content\/uploads\/2022\/02\/planche-lafranqui-edited-2-300x169.jpg 300w, https:\/\/campingmunicipalcapleucate-mss.fr\/wp-content\/uploads\/2022\/02\/planche-lafranqui-edited-2-1024x575.jpg 1024w, https:\/\/campingmunicipalcapleucate-mss.fr\/wp-content\/uploads\/2022\/02\/planche-lafranqui-edited-2-768x432.jpg 768w, https:\/\/campingmunicipalcapleucate-mss.fr\/wp-content\/uploads\/2022\/02\/planche-lafranqui-edited-2-1536x863.jpg 1536w\" sizes=\"(max-width: 1895px) 100vw, 1895px\" \/><\/figure>\n\n\n\n<h3 class=\"has-text-align-center has-secondaire-color has-text-color\" id=\"zone-6-spot-la-franqui\"><strong>Zone 6: Finde La Franqui<\/strong><\/h3>\n\n\n\n<p><strong>Mythischer Ort des <a href=\"https:\/\/campingmunicipalcapleucate-mss.fr\/de\/leucate-wind-welt\/\">Mondial du Vent<\/a><\/strong> , segeln Sie im Kielwasser der Gr\u00f6\u00dften!<\/p>\n\n\n\n<p>Spot f\u00fcr Kitesurfen, Windsurfen und Stand Up Paddle<\/p>\n<\/div>\n<\/div>\n<\/div><\/div>\n<\/div><\/div>\n\n\n\n<div style=\"height:80px\" aria-hidden=\"true\" class=\"wp-block-spacer\"><\/div>\n","protected":false},"excerpt":{"rendered":"<p>Spots f\u00fcr Surfer, Windsurfer, Kitesurfer und Funboarder in der N\u00e4he von Camping Leucate Machen Sie Urlaub auf dem Windsurf-Camping Leucate und g\u00f6nnen Sie sich auch als Zuschauer Nervenkitzel bei diesen Gleitsportarten wie dem Windsurfen!Um Windsurfausr\u00fcstung zu kaufen oder zu mieten , z\u00f6gern Sie nicht, einen Blick auf die Gesch\u00e4fte in Leucate zu werfen.Sie finden Ausr\u00fcstung [&hellip;]<\/p>\n","protected":false},"author":1,"featured_media":0,"parent":0,"menu_order":0,"comment_status":"closed","ping_status":"closed","template":"","meta":[],"acf":[],"_links":{"self":[{"href":"https:\/\/campingmunicipalcapleucate-mss.fr\/de\/wp-json\/wp\/v2\/pages\/2128"}],"collection":[{"href":"https:\/\/campingmunicipalcapleucate-mss.fr\/de\/wp-json\/wp\/v2\/pages"}],"about":[{"href":"https:\/\/campingmunicipalcapleucate-mss.fr\/de\/wp-json\/wp\/v2\/types\/page"}],"author":[{"embeddable":true,"href":"https:\/\/campingmunicipalcapleucate-mss.fr\/de\/wp-json\/wp\/v2\/users\/1"}],"replies":[{"embeddable":true,"href":"https:\/\/campingmunicipalcapleucate-mss.fr\/de\/wp-json\/wp\/v2\/comments?post=2128"}],"version-history":[{"count":6,"href":"https:\/\/campingmunicipalcapleucate-mss.fr\/de\/wp-json\/wp\/v2\/pages\/2128\/revisions"}],"predecessor-version":[{"id":3744,"href":"https:\/\/campingmunicipalcapleucate-mss.fr\/de\/wp-json\/wp\/v2\/pages\/2128\/revisions\/3744"}],"wp:attachment":[{"href":"https:\/\/campingmunicipalcapleucate-mss.fr\/de\/wp-json\/wp\/v2\/media?parent=2128"}],"curies":[{"name":"wp","href":"https:\/\/api.w.org\/{rel}","templated":true}]}}