{"id":2132,"date":"2022-05-31T15:28:38","date_gmt":"2022-05-31T13:28:38","guid":{"rendered":"https:\/\/campingmunicipalcapleucate-mss.fr\/stimmen-der-sterne\/"},"modified":"2022-05-31T15:28:40","modified_gmt":"2022-05-31T13:28:40","slug":"stimmen-der-sterne","status":"publish","type":"page","link":"https:\/\/campingmunicipalcapleucate-mss.fr\/de\/stimmen-der-sterne\/","title":{"rendered":"Stimmen der Sterne"},"content":{"rendered":"\n<div class=\"wp-block-cover ms-100-b\"><span aria-hidden=\"true\" class=\"has-background-dim-40 wp-block-cover__gradient-background has-background-dim\"><\/span><img width=\"2048\" height=\"390\" class=\"wp-block-cover__image-background wp-image-1597\" alt=\"\" src=\"https:\/\/campingmunicipalcapleucate-mss.fr\/wp-content\/uploads\/2022\/03\/Web-1260x240-1-2048x390-1.jpg\" data-object-fit=\"cover\" srcset=\"https:\/\/campingmunicipalcapleucate-mss.fr\/wp-content\/uploads\/2022\/03\/Web-1260x240-1-2048x390-1.jpg 2048w, https:\/\/campingmunicipalcapleucate-mss.fr\/wp-content\/uploads\/2022\/03\/Web-1260x240-1-2048x390-1-300x57.jpg 300w, https:\/\/campingmunicipalcapleucate-mss.fr\/wp-content\/uploads\/2022\/03\/Web-1260x240-1-2048x390-1-1024x195.jpg 1024w, https:\/\/campingmunicipalcapleucate-mss.fr\/wp-content\/uploads\/2022\/03\/Web-1260x240-1-2048x390-1-768x146.jpg 768w, https:\/\/campingmunicipalcapleucate-mss.fr\/wp-content\/uploads\/2022\/03\/Web-1260x240-1-2048x390-1-1536x293.jpg 1536w\" sizes=\"(max-width: 2048px) 100vw, 2048px\" \/><div class=\"wp-block-cover__inner-container\">\n<h1 class=\"has-text-align-center\" id=\"camping-leucate-plage-avec-de-nombreuses-activites-pour-tous\">Internationales Star Voice Festival in Leucate<\/h1>\n<\/div><\/div>\n\n<section class=\"wp-container-69ee7b45571c5 wp-block-group ms-40-a\"><div class=\"wp-block-group__inner-container\">\n<div style=\"height:69px\" aria-hidden=\"true\" class=\"wp-block-spacer\"><\/div>\n\n\n\n<div class=\"wp-block-columns\">\n<div class=\"wp-block-column galerie\" style=\"flex-basis:60%\">\n<div class=\"wp-block-columns\">\n<div class=\"wp-block-column\">\n<figure class=\"wp-block-image size-large\"><img width=\"1024\" height=\"769\" src=\"https:\/\/campingmunicipalcapleucate-mss.fr\/wp-content\/uploads\/2022\/03\/palmares-2018-du-festival-voix-detoiles-1024x769.webp\" alt=\"\" class=\"wp-image-1607\" srcset=\"https:\/\/campingmunicipalcapleucate-mss.fr\/wp-content\/uploads\/2022\/03\/palmares-2018-du-festival-voix-detoiles-1024x769.webp 1024w, https:\/\/campingmunicipalcapleucate-mss.fr\/wp-content\/uploads\/2022\/03\/palmares-2018-du-festival-voix-detoiles-300x225.webp 300w, https:\/\/campingmunicipalcapleucate-mss.fr\/wp-content\/uploads\/2022\/03\/palmares-2018-du-festival-voix-detoiles-768x577.webp 768w, https:\/\/campingmunicipalcapleucate-mss.fr\/wp-content\/uploads\/2022\/03\/palmares-2018-du-festival-voix-detoiles.webp 1280w\" sizes=\"(max-width: 1024px) 100vw, 1024px\" \/><\/figure>\n\n\n<figure class=\"wp-block-image size-large\"><img width=\"1024\" height=\"768\" src=\"https:\/\/campingmunicipalcapleucate-mss.fr\/wp-content\/uploads\/2022\/03\/voix-detoiles-port-leucate-2a60e2a8-1024x768.jpeg\" alt=\"\" class=\"wp-image-1600\" srcset=\"https:\/\/campingmunicipalcapleucate-mss.fr\/wp-content\/uploads\/2022\/03\/voix-detoiles-port-leucate-2a60e2a8-1024x768.jpeg 1024w, https:\/\/campingmunicipalcapleucate-mss.fr\/wp-content\/uploads\/2022\/03\/voix-detoiles-port-leucate-2a60e2a8-300x225.jpeg 300w, https:\/\/campingmunicipalcapleucate-mss.fr\/wp-content\/uploads\/2022\/03\/voix-detoiles-port-leucate-2a60e2a8-768x576.jpeg 768w, https:\/\/campingmunicipalcapleucate-mss.fr\/wp-content\/uploads\/2022\/03\/voix-detoiles-port-leucate-2a60e2a8.jpeg 1500w\" sizes=\"(max-width: 1024px) 100vw, 1024px\" \/><\/figure><\/div>\n\n\n\n<div class=\"wp-block-column\">\n<figure class=\"wp-block-image size-large\"><img width=\"1024\" height=\"575\" src=\"https:\/\/campingmunicipalcapleucate-mss.fr\/wp-content\/uploads\/2022\/03\/b8ffa41d4e492f0fad2f13e29e1762eb-1509376978-1024x575.jpg\" alt=\"\" class=\"wp-image-1616\" srcset=\"https:\/\/campingmunicipalcapleucate-mss.fr\/wp-content\/uploads\/2022\/03\/b8ffa41d4e492f0fad2f13e29e1762eb-1509376978-1024x575.jpg 1024w, https:\/\/campingmunicipalcapleucate-mss.fr\/wp-content\/uploads\/2022\/03\/b8ffa41d4e492f0fad2f13e29e1762eb-1509376978-300x169.jpg 300w, https:\/\/campingmunicipalcapleucate-mss.fr\/wp-content\/uploads\/2022\/03\/b8ffa41d4e492f0fad2f13e29e1762eb-1509376978-768x432.jpg 768w, https:\/\/campingmunicipalcapleucate-mss.fr\/wp-content\/uploads\/2022\/03\/b8ffa41d4e492f0fad2f13e29e1762eb-1509376978-1536x863.jpg 1536w, https:\/\/campingmunicipalcapleucate-mss.fr\/wp-content\/uploads\/2022\/03\/b8ffa41d4e492f0fad2f13e29e1762eb-1509376978.jpg 1920w\" sizes=\"(max-width: 1024px) 100vw, 1024px\" \/><\/figure>\n\n\n<figure class=\"wp-block-image size-large\"><img width=\"919\" height=\"1024\" src=\"https:\/\/campingmunicipalcapleucate-mss.fr\/wp-content\/uploads\/2022\/03\/voix-detoiles-2021-meilleur-film-fin-etudes-tresor-ensi-leucate-23c141b7-919x1024.jpeg\" alt=\"\" class=\"wp-image-1610\" srcset=\"https:\/\/campingmunicipalcapleucate-mss.fr\/wp-content\/uploads\/2022\/03\/voix-detoiles-2021-meilleur-film-fin-etudes-tresor-ensi-leucate-23c141b7-919x1024.jpeg 919w, https:\/\/campingmunicipalcapleucate-mss.fr\/wp-content\/uploads\/2022\/03\/voix-detoiles-2021-meilleur-film-fin-etudes-tresor-ensi-leucate-23c141b7-269x300.jpeg 269w, https:\/\/campingmunicipalcapleucate-mss.fr\/wp-content\/uploads\/2022\/03\/voix-detoiles-2021-meilleur-film-fin-etudes-tresor-ensi-leucate-23c141b7-768x856.jpeg 768w, https:\/\/campingmunicipalcapleucate-mss.fr\/wp-content\/uploads\/2022\/03\/voix-detoiles-2021-meilleur-film-fin-etudes-tresor-ensi-leucate-23c141b7.jpeg 1024w\" sizes=\"(max-width: 919px) 100vw, 919px\" \/><\/figure><\/div>\n\n\n\n<div class=\"wp-block-column is-vertically-aligned-bottom\">\n<figure class=\"wp-block-image size-full\"><img width=\"960\" height=\"720\" src=\"https:\/\/campingmunicipalcapleucate-mss.fr\/wp-content\/uploads\/2022\/03\/image_0934504_20211111_ob_fd2134_251291280-2129097033897776-33850507322.jpg\" alt=\"\" class=\"wp-image-1613\" srcset=\"https:\/\/campingmunicipalcapleucate-mss.fr\/wp-content\/uploads\/2022\/03\/image_0934504_20211111_ob_fd2134_251291280-2129097033897776-33850507322.jpg 960w, https:\/\/campingmunicipalcapleucate-mss.fr\/wp-content\/uploads\/2022\/03\/image_0934504_20211111_ob_fd2134_251291280-2129097033897776-33850507322-300x225.jpg 300w, https:\/\/campingmunicipalcapleucate-mss.fr\/wp-content\/uploads\/2022\/03\/image_0934504_20211111_ob_fd2134_251291280-2129097033897776-33850507322-768x576.jpg 768w\" sizes=\"(max-width: 960px) 100vw, 960px\" \/><\/figure><\/div>\n<\/div>\n<\/div>\n\n\n\n<div class=\"wp-block-column\" style=\"flex-basis:40%\">\n<h2 id=\"des-services-a-la-disposition-de-vos-vacances-dans-votre-camping-3-etoiles-languedoc-roussillon\">Das Internationale Festival der Stimmen des Animationskinos<\/h2>\n\n\n\n<p>Das <strong>Internationale Voix d&#8217;Etoiles Festival<\/strong> ist das einzige Festival in Frankreich und der Welt, das <strong>Synchronsprecher von Animationsfilmen auszeichnet<\/strong> .<\/p>\n\n\n\n<p>Kommen Sie jedes Jahr im Oktober und entdecken Sie hinter den Kulissen des Animationsfilms: Treffen Sie die Schauspieler, Komponisten, Regisseure und Synchronsprecher, <strong>Stimmen<\/strong> , Animationsfilme, die w\u00e4hrend des Festivals in Leucate anwesend sind.<\/p>\n\n\n\n<p>Dar\u00fcber hinaus werden Workshops, Aktivit\u00e4ten und Ausstellungen organisiert, die f\u00fcr die ganze Familie geeignet sind!<\/p>\n<\/div>\n<\/div>\n\n\n\n<div style=\"height:130px\" aria-hidden=\"true\" class=\"wp-block-spacer\"><\/div>\n<\/div><\/section>\n\n<div class=\"wp-container-69ee7b455781a wp-block-group ms-70-a has-fond-background-color has-background\"><div class=\"wp-block-group__inner-container\">\n<div class=\"wp-container-69ee7b4557587 wp-block-group listing-card\"><div class=\"wp-block-group__inner-container\">\n<div class=\"wp-block-columns\">\n<div class=\"wp-block-column card\">\n<figure class=\"wp-block-image size-full\"><img width=\"640\" height=\"423\" src=\"https:\/\/campingmunicipalcapleucate-mss.fr\/wp-content\/uploads\/2022\/03\/vde-affiche-appli-web-640x905-2.jpg\" alt=\"\" class=\"wp-image-1631\" srcset=\"https:\/\/campingmunicipalcapleucate-mss.fr\/wp-content\/uploads\/2022\/03\/vde-affiche-appli-web-640x905-2.jpg 640w, https:\/\/campingmunicipalcapleucate-mss.fr\/wp-content\/uploads\/2022\/03\/vde-affiche-appli-web-640x905-2-300x198.jpg 300w\" sizes=\"(max-width: 640px) 100vw, 640px\" \/><\/figure>\n\n\n<h3 class=\"has-text-align-center has-secondaire-color has-text-color\" id=\"coupe-de-france-de-windsurf-freestyle\"><strong>App<\/strong><\/h3>\n\n\n\n<p><strong>Laden Sie die Festival-App herunter<\/strong> , um nichts zu verpassen: Programm mit Konferenzen, Workshops und anderen Veranstaltungen! <br\/>Die Anwendung Voix d&#8217;Etoiles ist jetzt im App Store und Play Store verf\u00fcgbar.<\/p>\n<\/div>\n\n\n\n<div class=\"wp-block-column card\">\n<figure class=\"wp-block-image size-full\"><img width=\"640\" height=\"480\" src=\"https:\/\/campingmunicipalcapleucate-mss.fr\/wp-content\/uploads\/2022\/03\/atelier-son-image-640x480-1.jpg\" alt=\"\" class=\"wp-image-1619\" srcset=\"https:\/\/campingmunicipalcapleucate-mss.fr\/wp-content\/uploads\/2022\/03\/atelier-son-image-640x480-1.jpg 640w, https:\/\/campingmunicipalcapleucate-mss.fr\/wp-content\/uploads\/2022\/03\/atelier-son-image-640x480-1-300x225.jpg 300w\" sizes=\"(max-width: 640px) 100vw, 640px\" \/><\/figure>\n\n\n<h3 class=\"has-text-align-center has-secondaire-color has-text-color\" id=\"coupe-du-monde-gka-kitsurf\"><strong>Werkst\u00e4tten<\/strong><\/h3>\n\n\n\n<p>Nehmen Sie w\u00e4hrend des Festivals an einer gro\u00dfen Auswahl an <strong>Workshops rund um das Animationskino<\/strong> f\u00fcr <strong>Jung und Alt<\/strong> teil! Es ist die perfekte Zeit, um die Welt zu entdecken, die sich hinter Ihren Lieblings-Animationsfilmen verbirgt!<\/p>\n<\/div>\n\n\n\n<div class=\"wp-block-column card\">\n<figure class=\"wp-block-image size-large\"><img width=\"1024\" height=\"576\" src=\"https:\/\/campingmunicipalcapleucate-mss.fr\/wp-content\/uploads\/2022\/03\/maxresdefault-1024x576.jpg\" alt=\"\" class=\"wp-image-1627\" srcset=\"https:\/\/campingmunicipalcapleucate-mss.fr\/wp-content\/uploads\/2022\/03\/maxresdefault-1024x576.jpg 1024w, https:\/\/campingmunicipalcapleucate-mss.fr\/wp-content\/uploads\/2022\/03\/maxresdefault-300x169.jpg 300w, https:\/\/campingmunicipalcapleucate-mss.fr\/wp-content\/uploads\/2022\/03\/maxresdefault-768x432.jpg 768w, https:\/\/campingmunicipalcapleucate-mss.fr\/wp-content\/uploads\/2022\/03\/maxresdefault.jpg 1280w\" sizes=\"(max-width: 1024px) 100vw, 1024px\" \/><\/figure>\n\n\n<h3 class=\"has-text-align-center has-secondaire-color has-text-color\" id=\"coupe-du-monde-gwa-wingfoil\"><strong>Abschluss filme<\/strong><\/h3>\n\n\n\n<p>Entdecken Sie neben Workshops, Konferenzen und Wettbewerbsfilmen Abschlussfilme verschiedener Animationsschulen.<\/p>\n<\/div>\n<\/div>\n<\/div><\/div>\n<\/div><\/div>\n","protected":false},"excerpt":{"rendered":"<p>Das Internationale Festival der Stimmen des Animationskinos Das Internationale Voix d&#8217;Etoiles Festival ist das einzige Festival in Frankreich und der Welt, das Synchronsprecher von Animationsfilmen auszeichnet . Kommen Sie jedes Jahr im Oktober und entdecken Sie hinter den Kulissen des Animationsfilms: Treffen Sie die Schauspieler, Komponisten, Regisseure und Synchronsprecher, Stimmen , Animationsfilme, die w\u00e4hrend des [&hellip;]<\/p>\n","protected":false},"author":1,"featured_media":0,"parent":0,"menu_order":0,"comment_status":"closed","ping_status":"closed","template":"","meta":[],"acf":[],"_links":{"self":[{"href":"https:\/\/campingmunicipalcapleucate-mss.fr\/de\/wp-json\/wp\/v2\/pages\/2132"}],"collection":[{"href":"https:\/\/campingmunicipalcapleucate-mss.fr\/de\/wp-json\/wp\/v2\/pages"}],"about":[{"href":"https:\/\/campingmunicipalcapleucate-mss.fr\/de\/wp-json\/wp\/v2\/types\/page"}],"author":[{"embeddable":true,"href":"https:\/\/campingmunicipalcapleucate-mss.fr\/de\/wp-json\/wp\/v2\/users\/1"}],"replies":[{"embeddable":true,"href":"https:\/\/campingmunicipalcapleucate-mss.fr\/de\/wp-json\/wp\/v2\/comments?post=2132"}],"version-history":[{"count":3,"href":"https:\/\/campingmunicipalcapleucate-mss.fr\/de\/wp-json\/wp\/v2\/pages\/2132\/revisions"}],"predecessor-version":[{"id":2135,"href":"https:\/\/campingmunicipalcapleucate-mss.fr\/de\/wp-json\/wp\/v2\/pages\/2132\/revisions\/2135"}],"wp:attachment":[{"href":"https:\/\/campingmunicipalcapleucate-mss.fr\/de\/wp-json\/wp\/v2\/media?parent=2132"}],"curies":[{"name":"wp","href":"https:\/\/api.w.org\/{rel}","templated":true}]}}